{"id":24,"date":"2016-01-29T10:24:10","date_gmt":"2016-01-29T09:24:10","guid":{"rendered":"https:\/\/the7.io\/beauty-studio\/?page_id=24"},"modified":"2021-04-12T11:20:31","modified_gmt":"2021-04-12T09:20:31","slug":"specialne-ponuky","status":"publish","type":"page","link":"https:\/\/riplast.sk\/index.php\/onas\/specialne-ponuky\/","title":{"rendered":"\u0160peci\u00e1lne ponuky a akcie"},"content":{"rendered":"<div class=\"wpb-content-wrapper\"><p>[vc_row equal_height=&#8220;yes&#8220; content_placement=&#8220;middle&#8220; type=&#8220;vc_default&#8220; margin_top=&#8220;10&#8243; margin_bottom=&#8220;25&#8243; css=&#8220;.vc_custom_1490526340467{padding-top: 70px !important;padding-bottom: 20px !important;}&#8220;][vc_column width=&#8220;2\/3&#8243; css=&#8220;.vc_custom_1498750429084{padding-bottom: 50px !important;}&#8220; offset=&#8220;vc_col-lg-offset-0 vc_col-lg-6 vc_col-md-offset-0 vc_col-md-6 vc_col-sm-offset-2 vc_col-xs-12&#8243;]<style type=\"text\/css\" data-type=\"the7_shortcodes-inline-css\">.shortcode-single-image-wrap.shortcode-single-image-9685575d1b4e8ebad17486736f25ff8a.enable-bg-rollover .rollover i,\n.shortcode-single-image-wrap.shortcode-single-image-9685575d1b4e8ebad17486736f25ff8a.enable-bg-rollover .rollover-video i {\n  background: -webkit-linear-gradient();\n  background: linear-gradient();\n}\n.shortcode-single-image-wrap.shortcode-single-image-9685575d1b4e8ebad17486736f25ff8a .rollover-icon {\n  font-size: 32px;\n  color: #ffffff;\n  min-width: 44px;\n  min-height: 44px;\n  line-height: 44px;\n  border-radius: 100px;\n  border-style: solid;\n  border-width: 0px;\n}\n.dt-icon-bg-on.shortcode-single-image-wrap.shortcode-single-image-9685575d1b4e8ebad17486736f25ff8a .rollover-icon {\n  background: rgba(255,255,255,0.3);\n  box-shadow: none;\n}\n<\/style><div class=\"shortcode-single-image-wrap shortcode-single-image-9685575d1b4e8ebad17486736f25ff8a alignnone  enable-bg-rollover dt-icon-bg-off\" style=\"margin-top:0px; margin-bottom:0px; margin-left:0px; margin-right:0px; width:800px;\"><div class=\"shortcode-single-image\"><div class=\"fancy-media-wrap  layzr-bg\" style=\"\"><img fetchpriority=\"high\" decoding=\"async\" class=\"preload-me lazy-load aspect\" src=\"data:image\/svg+xml,%3Csvg%20xmlns%3D&#39;http%3A%2F%2Fwww.w3.org%2F2000%2Fsvg&#39;%20viewBox%3D&#39;0%200%20800%20800&#39;%2F%3E\" data-src=\"https:\/\/riplast.sk\/wp-content\/uploads\/2019\/09\/MG_0248-scaled-800x800.jpg\" data-srcset=\"https:\/\/riplast.sk\/wp-content\/uploads\/2019\/09\/MG_0248-scaled-800x800.jpg 800w, https:\/\/riplast.sk\/wp-content\/uploads\/2019\/09\/MG_0248-scaled-1600x1600.jpg 1600w\" loading=\"eager\" sizes=\"(max-width: 800px) 100vw, 800px\" width=\"800\" height=\"800\"  data-dt-location=\"https:\/\/riplast.sk\/index.php\/onas\/specialne-ponuky\/_mg_0248\/\" style=\"--ratio: 800 \/ 800;\" alt=\"\" \/><\/div><\/div><\/div>[\/vc_column][vc_column width=&#8220;2\/3&#8243; css=&#8220;.vc_custom_1498750488327{padding-bottom: 50px !important;}&#8220; offset=&#8220;vc_col-lg-offset-0 vc_col-lg-6 vc_col-md-offset-0 vc_col-md-6 vc_col-sm-offset-2 vc_col-xs-12&#8243;]<div id=\"ultimate-heading-566069f5105f18d23\" class=\"uvc-heading ult-adjust-bottom-margin ultimate-heading-566069f5105f18d23 uvc-7978 color-title accent-title-color\" data-hspacer=\"no_spacer\"  data-halign=\"left\" style=\"text-align:left\"><div class=\"uvc-heading-spacer no_spacer\" style=\"top\"><\/div><div class=\"uvc-main-heading ult-responsive\"  data-ultimate-target='.uvc-heading.ultimate-heading-566069f5105f18d23 h2'  data-responsive-json-new='{\"font-size\":\"desktop:20px;\",\"line-height\":\"desktop:26px;\"}' ><h2 style=\"font-weight:bold;margin-bottom:5px;\">Akcia na rok 2021<\/h2><\/div><div class=\"uvc-sub-heading ult-responsive\"  data-ultimate-target='.uvc-heading.ultimate-heading-566069f5105f18d23 .uvc-sub-heading '  data-responsive-json-new='{\"font-size\":\"desktop:34px;\",\"line-height\":\"desktop:40px;\"}'  style=\"font-family:&#039;Open Sans Condensed&#039;;font-weight:700;margin-bottom:20px;\">-56% NA V\u0160ETKY PLASTOV\u00c9 OKNA A DVERE<\/div><\/div>[vc_column_text css=&#8220;.vc_custom_1567590954404{padding-bottom: 20px !important;}&#8220;]Plastov\u00e9 okn\u00e1 na\u0161ej v\u00fdroby pon\u00fakaj\u00fa v\u00fdborn\u00fd pomer ceny a tepelno-izola\u010dn\u00fdch vlastnost\u00ed. Ve\u013ek\u00fd v\u00fdber profilov umo\u017e\u0148uje spo\u013eahliv\u00e9 pou\u017eitie plastov\u00fdch okien u\u00a0v\u00e4\u010d\u0161iny bytov a rodinn\u00fdch domov.[\/vc_column_text]<div class=\"standard-number-list bullet-top\"><ul>\n<li>N\u00edzke n\u00e1roky na \u00fadr\u017ebu<\/li>\n<li>\u017divotnos\u0165 a\u017e 30 rokov<\/li>\n<li>Ve\u013ek\u00fd v\u00fdber dekorov a farieb<\/li>\n<li>Skvel\u00fd pomer ceny a tepelno-izola\u010dn\u00fdch vlastnost\u00ed<\/li>\n<\/ul>\n<\/div><style type=\"text\/css\" data-type=\"the7_shortcodes-inline-css\">#default-btn-fb244cfab56e9283ca2d0fdd5c3e46aa.ico-right-side > i {\n  margin-right: 0px;\n  margin-left: 8px;\n}\n#default-btn-fb244cfab56e9283ca2d0fdd5c3e46aa > i {\n  margin-right: 8px;\n}\n<\/style><a href=\"\/corporate\/contact\/\" class=\"default-btn-shortcode dt-btn dt-btn-m link-hover-off btn-inline-left  vc_custom_1567538723890\" id=\"default-btn-fb244cfab56e9283ca2d0fdd5c3e46aa\"><span>Kontaktujte n\u00e1s!<\/span><\/a>[\/vc_column][\/vc_row][vc_row equal_height=&#8220;yes&#8220; content_placement=&#8220;middle&#8220; bg_type=&#8220;bg_color&#8220; bg_override=&#8220;ex-full&#8220; type=&#8220;vc_default&#8220; margin_top=&#8220;10&#8243; margin_bottom=&#8220;25&#8243; css=&#8220;.vc_custom_1498753023892{padding-top: 70px !important;padding-bottom: 20px !important;}&#8220; bg_color_value=&#8220;#f5f5f5&#8243;][vc_column width=&#8220;2\/3&#8243; css=&#8220;.vc_custom_1498750429084{padding-bottom: 50px !important;}&#8220; offset=&#8220;vc_col-lg-offset-0 vc_col-lg-6 vc_col-md-offset-0 vc_col-md-6 vc_col-sm-offset-2 vc_col-xs-12&#8243;]<style type=\"text\/css\" data-type=\"the7_shortcodes-inline-css\">.shortcode-single-image-wrap.shortcode-single-image-3099a70c4144e900cad10370fb2f9e9e.enable-bg-rollover .rollover i,\n.shortcode-single-image-wrap.shortcode-single-image-3099a70c4144e900cad10370fb2f9e9e.enable-bg-rollover .rollover-video i {\n  background: -webkit-linear-gradient();\n  background: linear-gradient();\n}\n.shortcode-single-image-wrap.shortcode-single-image-3099a70c4144e900cad10370fb2f9e9e .rollover-icon {\n  font-size: 32px;\n  color: #ffffff;\n  min-width: 44px;\n  min-height: 44px;\n  line-height: 44px;\n  border-radius: 100px;\n  border-style: solid;\n  border-width: 0px;\n}\n.dt-icon-bg-on.shortcode-single-image-wrap.shortcode-single-image-3099a70c4144e900cad10370fb2f9e9e .rollover-icon {\n  background: rgba(255,255,255,0.3);\n  box-shadow: none;\n}\n<\/style><div class=\"shortcode-single-image-wrap shortcode-single-image-3099a70c4144e900cad10370fb2f9e9e alignnone  enable-bg-rollover dt-icon-bg-off\" style=\"margin-top:0px; margin-bottom:0px; margin-left:0px; margin-right:0px; width:500px;\"><div class=\"shortcode-single-image\"><div class=\"fancy-media-wrap  layzr-bg\" style=\"\"><img decoding=\"async\" class=\"preload-me lazy-load aspect\" src=\"data:image\/svg+xml,%3Csvg%20xmlns%3D&#39;http%3A%2F%2Fwww.w3.org%2F2000%2Fsvg&#39;%20viewBox%3D&#39;0%200%20500%20263&#39;%2F%3E\" data-src=\"https:\/\/riplast.sk\/wp-content\/uploads\/2019\/09\/fotografie-konstrukce-prosklen_stpwqBm-500x263.jpg\" data-srcset=\"https:\/\/riplast.sk\/wp-content\/uploads\/2019\/09\/fotografie-konstrukce-prosklen_stpwqBm-500x263.jpg 500w, https:\/\/riplast.sk\/wp-content\/uploads\/2019\/09\/fotografie-konstrukce-prosklen_stpwqBm.jpg 950w\" loading=\"eager\" sizes=\"(max-width: 500px) 100vw, 500px\" width=\"500\" height=\"263\"  data-dt-location=\"https:\/\/riplast.sk\/index.php\/onas\/specialne-ponuky\/fotografie-konstrukce-prosklen_stpwqbm\/\" style=\"--ratio: 500 \/ 263;\" alt=\"\" \/><\/div><\/div><\/div>[\/vc_column][vc_column width=&#8220;2\/3&#8243; css=&#8220;.vc_custom_1498750488327{padding-bottom: 50px !important;}&#8220; offset=&#8220;vc_col-lg-offset-0 vc_col-lg-6 vc_col-md-offset-0 vc_col-md-6 vc_col-sm-offset-2 vc_col-xs-12&#8243;]<div id=\"ultimate-heading-693169f5105f19d1e\" class=\"uvc-heading ult-adjust-bottom-margin ultimate-heading-693169f5105f19d1e uvc-1146 color-title accent-title-color\" data-hspacer=\"no_spacer\"  data-halign=\"left\" style=\"text-align:left\"><div class=\"uvc-heading-spacer no_spacer\" style=\"top\"><\/div><div class=\"uvc-main-heading ult-responsive\"  data-ultimate-target='.uvc-heading.ultimate-heading-693169f5105f19d1e h2'  data-responsive-json-new='{\"font-size\":\"desktop:20px;\",\"line-height\":\"desktop:26px;\"}' ><h2 style=\"font-weight:bold;margin-bottom:5px;\">September - December 2021<\/h2><\/div><div class=\"uvc-sub-heading ult-responsive\"  data-ultimate-target='.uvc-heading.ultimate-heading-693169f5105f19d1e .uvc-sub-heading '  data-responsive-json-new='{\"font-size\":\"desktop:34px;\",\"line-height\":\"desktop:40px;\"}'  style=\"font-family:&#039;Open Sans Condensed&#039;;font-weight:700;margin-bottom:20px;\">-50% NA HLIN\u00cdKOV\u00c9 OKN\u00c1 A VCHOD. DVERE RI OKNA<\/div><\/div>[vc_column_text css=&#8220;.vc_custom_1567591299019{padding-bottom: 20px !important;}&#8220;]Hlin\u00edkov\u00e9 okn\u00e1 s\u00fa ve\u013emi odoln\u00e9 vo\u010di klimatick\u00fdm vplyvom a ich povrch nevy\u017eaduje prakticky \u017eiadnu \u00fadr\u017ebu.[\/vc_column_text]<div class=\"standard-number-list bullet-top\"><ul>\n<li>Ve\u013emi pevn\u00e1, tvarovo st\u00e1la kon\u0161trukcia<\/li>\n<li>Mimoriadna odolnos\u0165 vo\u010di poveternostn\u00fdm vplyvom<\/li>\n<li>Vysok\u00e1 odolnos\u0165 vo\u010di po\u0161kodeniu<\/li>\n<li>Nen\u00e1ro\u010dn\u00e1 \u00fadr\u017eba<\/li>\n<li>\u017divotnos\u0165 a\u017e 60 rokov<\/li>\n<\/ul>\n<\/div><style type=\"text\/css\" data-type=\"the7_shortcodes-inline-css\">#default-btn-abd5fd62aa70d7382f6d0e1ebd713b37.ico-right-side > i {\n  margin-right: 0px;\n  margin-left: 8px;\n}\n#default-btn-abd5fd62aa70d7382f6d0e1ebd713b37 > i {\n  margin-right: 8px;\n}\n<\/style><a href=\"\/corporate\/contact\/\" class=\"default-btn-shortcode dt-btn dt-btn-m link-hover-off btn-inline-left  vc_custom_1567588582949\" id=\"default-btn-abd5fd62aa70d7382f6d0e1ebd713b37\"><span>Kontaktujte n\u00e1s!<\/span><\/a>[\/vc_column][\/vc_row][vc_row equal_height=&#8220;yes&#8220; content_placement=&#8220;middle&#8220; type=&#8220;vc_default&#8220; margin_top=&#8220;10&#8243; margin_bottom=&#8220;25&#8243; css=&#8220;.vc_custom_1490526340467{padding-top: 70px !important;padding-bottom: 20px !important;}&#8220;][vc_column width=&#8220;2\/3&#8243; css=&#8220;.vc_custom_1498750429084{padding-bottom: 50px !important;}&#8220; offset=&#8220;vc_col-lg-offset-0 vc_col-lg-6 vc_col-md-offset-0 vc_col-md-6 vc_col-sm-offset-2 vc_col-xs-12&#8243;]<style type=\"text\/css\" data-type=\"the7_shortcodes-inline-css\">.shortcode-single-image-wrap.shortcode-single-image-47639da46904e3c073d528a6d61ffea1.enable-bg-rollover .rollover i,\n.shortcode-single-image-wrap.shortcode-single-image-47639da46904e3c073d528a6d61ffea1.enable-bg-rollover .rollover-video i {\n  background: -webkit-linear-gradient();\n  background: linear-gradient();\n}\n.shortcode-single-image-wrap.shortcode-single-image-47639da46904e3c073d528a6d61ffea1 .rollover-icon {\n  font-size: 32px;\n  color: #ffffff;\n  min-width: 44px;\n  min-height: 44px;\n  line-height: 44px;\n  border-radius: 100px;\n  border-style: solid;\n  border-width: 0px;\n}\n.dt-icon-bg-on.shortcode-single-image-wrap.shortcode-single-image-47639da46904e3c073d528a6d61ffea1 .rollover-icon {\n  background: rgba(255,255,255,0.3);\n  box-shadow: none;\n}\n<\/style><div class=\"shortcode-single-image-wrap shortcode-single-image-47639da46904e3c073d528a6d61ffea1 alignnone  enable-bg-rollover dt-icon-bg-off\" style=\"margin-top:0px; margin-bottom:0px; margin-left:0px; margin-right:0px; width:800px;\"><div class=\"shortcode-single-image\"><div class=\"fancy-media-wrap  layzr-bg\" style=\"\"><img decoding=\"async\" class=\"preload-me lazy-load aspect\" src=\"data:image\/svg+xml,%3Csvg%20xmlns%3D&#39;http%3A%2F%2Fwww.w3.org%2F2000%2Fsvg&#39;%20viewBox%3D&#39;0%200%20500%20500&#39;%2F%3E\" data-src=\"https:\/\/riplast.sk\/wp-content\/uploads\/2019\/09\/fotografie-drevo-eurookna-950x_b9XKkrf-500x500.jpg\" data-srcset=\"https:\/\/riplast.sk\/wp-content\/uploads\/2019\/09\/fotografie-drevo-eurookna-950x_b9XKkrf-500x500.jpg 500w\" loading=\"eager\" sizes=\"(max-width: 500px) 100vw, 500px\" width=\"500\" height=\"500\"  data-dt-location=\"https:\/\/riplast.sk\/index.php\/onas\/specialne-ponuky\/fotografie-drevo-eurookna-950x_b9xkkrf\/\" style=\"--ratio: 500 \/ 500;\" alt=\"\" \/><\/div><\/div><\/div>[\/vc_column][vc_column width=&#8220;2\/3&#8243; css=&#8220;.vc_custom_1498750488327{padding-bottom: 50px !important;}&#8220; offset=&#8220;vc_col-lg-offset-0 vc_col-lg-6 vc_col-md-offset-0 vc_col-md-6 vc_col-sm-offset-2 vc_col-xs-12&#8243;]<div id=\"ultimate-heading-188769f5105f1ab57\" class=\"uvc-heading ult-adjust-bottom-margin ultimate-heading-188769f5105f1ab57 uvc-6611 color-title accent-title-color\" data-hspacer=\"no_spacer\"  data-halign=\"left\" style=\"text-align:left\"><div class=\"uvc-heading-spacer no_spacer\" style=\"top\"><\/div><div class=\"uvc-main-heading ult-responsive\"  data-ultimate-target='.uvc-heading.ultimate-heading-188769f5105f1ab57 h2'  data-responsive-json-new='{\"font-size\":\"desktop:20px;\",\"line-height\":\"desktop:26px;\"}' ><h2 style=\"font-weight:bold;margin-bottom:5px;\">drevo ako ekologick\u00e1 alternat\u00edva<\/h2><\/div><div class=\"uvc-sub-heading ult-responsive\"  data-ultimate-target='.uvc-heading.ultimate-heading-188769f5105f1ab57 .uvc-sub-heading '  data-responsive-json-new='{\"font-size\":\"desktop:34px;\",\"line-height\":\"desktop:40px;\"}'  style=\"font-family:&#039;Open Sans Condensed&#039;;font-weight:700;margin-bottom:20px;\">-37% NA SORTIMENT V\u00ddROBKOV Z DREVA<\/div><\/div>[vc_column_text css=&#8220;.vc_custom_1567591690867{padding-bottom: 25px !important;}&#8220;]<strong>Nemus\u00edte ma\u0165 strach z\u00a0\u00fadr\u017eby dreven\u00fdch okien. Unik\u00e1tna technol\u00f3gia lakovania lakovac\u00edm robotom<\/strong>\u00a0v\u00fdrazne zvy\u0161uje kvalitu povrchovej \u00fapravy, zjednodu\u0161uje starostlivos\u0165 a predl\u017euje \u017eivotnos\u0165 okien. T\u00e1 sa po\u010d\u00edta na desiatky rokov.<\/p>\n<p><strong>Dreven\u00e9 okn\u00e1 dod\u00e1vame na mieru<\/strong>\u00a0konkr\u00e9tnemu rodinn\u00e9mu domu, alebo inej stavbe. Osadzujeme ich \u0161pi\u010dkov\u00fdm rak\u00faskym kovan\u00edm MACO. M\u00f4\u017eete si zvoli\u0165 kr\u00eddlov\u00e9, alebo posuvn\u00e9 okn\u00e1, vr\u00e1tane okien\u00a0<u><a class=\"orange\" href=\"https:\/\/www.ri-okna.sk\/francuzske-okna\">franc\u00fazskych (balk\u00f3nov\u00fdch)<\/a><\/u>, alebo\u00a0<u><a class=\"orange\" href=\"https:\/\/www.ri-okna.sk\/atypicke-okna-a-dvere\">atypick\u00fdch rozmerov<\/a><\/u>. K\u00a0vybran\u00e9mu typu okien dod\u00e1me aj n\u00e1le\u017eit\u00fd typ dreven\u00fdch vchodov\u00fdch dver\u00ed a bohat\u00fa ponuku pr\u00edslu\u0161enstva.[\/vc_column_text]<style type=\"text\/css\" data-type=\"the7_shortcodes-inline-css\">#default-btn-d6d899154d9ccc8da0382ba88a884e78.ico-right-side > i {\n  margin-right: 0px;\n  margin-left: 8px;\n}\n#default-btn-d6d899154d9ccc8da0382ba88a884e78 > i {\n  margin-right: 8px;\n}\n<\/style><a href=\"\/corporate\/contact\/\" class=\"default-btn-shortcode dt-btn dt-btn-m link-hover-off btn-inline-left \" id=\"default-btn-d6d899154d9ccc8da0382ba88a884e78\"><span>Kontaktujte n\u00e1s!<\/span><\/a>[\/vc_column][\/vc_row][vc_row bg_type=&#8220;bg_color&#8220; bg_override=&#8220;ex-full&#8220; type=&#8220;vc_default&#8220; css=&#8220;.vc_custom_1498212491956{padding-top: 60px !important;padding-bottom: 70px !important;}&#8220; bg_color_value=&#8220;#f5f5f5&#8243;][vc_column]<div id=\"ultimate-heading-194469f5105f1acb7\" class=\"uvc-heading ult-adjust-bottom-margin ultimate-heading-194469f5105f1acb7 uvc-3808 color-title accent-title-color\" data-hspacer=\"no_spacer\"  data-halign=\"center\" style=\"text-align:center\"><div class=\"uvc-heading-spacer no_spacer\" style=\"top\"><\/div><div class=\"uvc-main-heading ult-responsive\"  data-ultimate-target='.uvc-heading.ultimate-heading-194469f5105f1acb7 h2'  data-responsive-json-new='{\"font-size\":\"desktop:40px;tablet_portrait:20px;\",\"line-height\":\"desktop:46px;tablet_portrait:26px;\"}' ><h2 style=\"font-family:&#039;Open Sans Condensed&#039;;font-weight:700;margin-bottom:10px;\">VYU\u017dITE N\u00c1\u0160 JEDNODUCH\u00dd DOPYTOV\u00dd FORMUL\u00c1R<\/h2><\/div><div class=\"uvc-sub-heading ult-responsive\"  data-ultimate-target='.uvc-heading.ultimate-heading-194469f5105f1acb7 .uvc-sub-heading '  data-responsive-json-new='{\"font-size\":\"desktop:70px;tablet_portrait:40px;\",\"line-height\":\"desktop:76px;tablet_portrait:46px;\"}'  style=\"font-family:&#039;Open Sans Condensed&#039;;font-weight:700;\">A Z\u00cdSKAJTE PREDBE\u017dN\u00da CENOV\u00da PONUKU A KONZULT\u00c1CIE ZDARMA<\/div><\/div><style type=\"text\/css\" data-type=\"the7_shortcodes-inline-css\">#default-btn-54729da38089e6819e2f5c4a81ee7c3f.ico-right-side > i {\n  margin-right: 0px;\n  margin-left: 8px;\n}\n#default-btn-54729da38089e6819e2f5c4a81ee7c3f > i {\n  margin-right: 8px;\n}\n<\/style><div class=\"btn-align-center\"><a href=\"\/corporate\/contact\" class=\"default-btn-shortcode dt-btn dt-btn-l link-hover-off  vc_custom_1567588096852\" id=\"default-btn-54729da38089e6819e2f5c4a81ee7c3f\" style=\"width:400px;\"><span>DOPYTOV\u00c1 KALKUL\u00c1CIA<\/span><\/a><\/div>[\/vc_column][\/vc_row]<\/p>\n<\/div>","protected":false},"excerpt":{"rendered":"<p>[vc_row equal_height=&#8220;yes&#8220; content_placement=&#8220;middle&#8220; type=&#8220;vc_default&#8220; margin_top=&#8220;10&#8243; margin_bottom=&#8220;25&#8243; css=&#8220;.vc_custom_1490526340467{padding-top: 70px !important;padding-bottom: 20px !important;}&#8220;][vc_column width=&#8220;2\/3&#8243; css=&#8220;.vc_custom_1498750429084{padding-bottom: 50px !important;}&#8220; offset=&#8220;vc_col-lg-offset-0 vc_col-lg-6 vc_col-md-offset-0 vc_col-md-6 vc_col-sm-offset-2 vc_col-xs-12&#8243;][\/vc_column][vc_column width=&#8220;2\/3&#8243; css=&#8220;.vc_custom_1498750488327{padding-bottom: 50px !important;}&#8220; offset=&#8220;vc_col-lg-offset-0 vc_col-lg-6 vc_col-md-offset-0 vc_col-md-6 vc_col-sm-offset-2 vc_col-xs-12&#8243;][vc_column_text css=&#8220;.vc_custom_1567590954404{padding-bottom: 20px !important;}&#8220;]Plastov\u00e9 okn\u00e1 na\u0161ej v\u00fdroby pon\u00fakaj\u00fa v\u00fdborn\u00fd pomer ceny a tepelno-izola\u010dn\u00fdch vlastnost\u00ed. Ve\u013ek\u00fd v\u00fdber profilov umo\u017e\u0148uje spo\u013eahliv\u00e9 pou\u017eitie plastov\u00fdch okien u\u00a0v\u00e4\u010d\u0161iny bytov a&hellip;<\/p>\n","protected":false},"author":1,"featured_media":0,"parent":5,"menu_order":500,"comment_status":"closed","ping_status":"closed","template":"","meta":{"footnotes":""},"class_list":["post-24","page","type-page","status-publish","hentry","description-off"],"yoast_head":"<!-- This site is optimized with the Yoast SEO plugin v23.5 - https:\/\/yoast.com\/wordpress\/plugins\/seo\/ -->\n<title>\u0160peci\u00e1lne ponuky a akcie - riplast.sk<\/title>\n<meta name=\"robots\" content=\"index, follow, max-snippet:-1, max-image-preview:large, max-video-preview:-1\" \/>\n<link rel=\"canonical\" href=\"https:\/\/riplast.sk\/index.php\/onas\/specialne-ponuky\/\" \/>\n<meta property=\"og:locale\" content=\"sk_SK\" \/>\n<meta property=\"og:type\" content=\"article\" \/>\n<meta property=\"og:title\" content=\"\u0160peci\u00e1lne ponuky a akcie - riplast.sk\" \/>\n<meta property=\"og:description\" content=\"[vc_row equal_height=&#8220;yes&#8220; content_placement=&#8220;middle&#8220; type=&#8220;vc_default&#8220; margin_top=&#8220;10&#8243; margin_bottom=&#8220;25&#8243; css=&#8220;.vc_custom_1490526340467{padding-top: 70px !important;padding-bottom: 20px !important;}&#8220;][vc_column width=&#8220;2\/3&#8243; css=&#8220;.vc_custom_1498750429084{padding-bottom: 50px !important;}&#8220; offset=&#8220;vc_col-lg-offset-0 vc_col-lg-6 vc_col-md-offset-0 vc_col-md-6 vc_col-sm-offset-2 vc_col-xs-12&#8243;][\/vc_column][vc_column width=&#8220;2\/3&#8243; css=&#8220;.vc_custom_1498750488327{padding-bottom: 50px !important;}&#8220; offset=&#8220;vc_col-lg-offset-0 vc_col-lg-6 vc_col-md-offset-0 vc_col-md-6 vc_col-sm-offset-2 vc_col-xs-12&#8243;][vc_column_text css=&#8220;.vc_custom_1567590954404{padding-bottom: 20px !important;}&#8220;]Plastov\u00e9 okn\u00e1 na\u0161ej v\u00fdroby pon\u00fakaj\u00fa v\u00fdborn\u00fd pomer ceny a tepelno-izola\u010dn\u00fdch vlastnost\u00ed. Ve\u013ek\u00fd v\u00fdber profilov umo\u017e\u0148uje spo\u013eahliv\u00e9 pou\u017eitie plastov\u00fdch okien u\u00a0v\u00e4\u010d\u0161iny bytov a&hellip;\" \/>\n<meta property=\"og:url\" content=\"https:\/\/riplast.sk\/index.php\/onas\/specialne-ponuky\/\" \/>\n<meta property=\"og:site_name\" content=\"riplast.sk\" \/>\n<meta property=\"article:modified_time\" content=\"2021-04-12T09:20:31+00:00\" \/>\n<meta name=\"twitter:card\" content=\"summary_large_image\" \/>\n<meta name=\"twitter:label1\" content=\"Predpokladan\u00fd \u010das \u010d\u00edtania\" \/>\n\t<meta name=\"twitter:data1\" content=\"5 min\u00fat\" \/>\n<script type=\"application\/ld+json\" class=\"yoast-schema-graph\">{\"@context\":\"https:\/\/schema.org\",\"@graph\":[{\"@type\":\"WebPage\",\"@id\":\"https:\/\/riplast.sk\/index.php\/onas\/specialne-ponuky\/\",\"url\":\"https:\/\/riplast.sk\/index.php\/onas\/specialne-ponuky\/\",\"name\":\"\u0160peci\u00e1lne ponuky a akcie - riplast.sk\",\"isPartOf\":{\"@id\":\"https:\/\/riplast.sk\/#website\"},\"datePublished\":\"2016-01-29T09:24:10+00:00\",\"dateModified\":\"2021-04-12T09:20:31+00:00\",\"breadcrumb\":{\"@id\":\"https:\/\/riplast.sk\/index.php\/onas\/specialne-ponuky\/#breadcrumb\"},\"inLanguage\":\"sk-SK\",\"potentialAction\":[{\"@type\":\"ReadAction\",\"target\":[\"https:\/\/riplast.sk\/index.php\/onas\/specialne-ponuky\/\"]}]},{\"@type\":\"BreadcrumbList\",\"@id\":\"https:\/\/riplast.sk\/index.php\/onas\/specialne-ponuky\/#breadcrumb\",\"itemListElement\":[{\"@type\":\"ListItem\",\"position\":1,\"name\":\"Home\",\"item\":\"https:\/\/riplast.sk\/\"},{\"@type\":\"ListItem\",\"position\":2,\"name\":\"Profil spolo\u010dnosti\",\"item\":\"https:\/\/riplast.sk\/index.php\/onas\/\"},{\"@type\":\"ListItem\",\"position\":3,\"name\":\"\u0160peci\u00e1lne ponuky a akcie\"}]},{\"@type\":\"WebSite\",\"@id\":\"https:\/\/riplast.sk\/#website\",\"url\":\"https:\/\/riplast.sk\/\",\"name\":\"riplast.sk\",\"description\":\"Okn\u00e1 a vchodov\u00e9 dvere\",\"potentialAction\":[{\"@type\":\"SearchAction\",\"target\":{\"@type\":\"EntryPoint\",\"urlTemplate\":\"https:\/\/riplast.sk\/?s={search_term_string}\"},\"query-input\":{\"@type\":\"PropertyValueSpecification\",\"valueRequired\":true,\"valueName\":\"search_term_string\"}}],\"inLanguage\":\"sk-SK\"}]}<\/script>\n<!-- \/ Yoast SEO plugin. -->","yoast_head_json":{"title":"\u0160peci\u00e1lne ponuky a akcie - riplast.sk","robots":{"index":"index","follow":"follow","max-snippet":"max-snippet:-1","max-image-preview":"max-image-preview:large","max-video-preview":"max-video-preview:-1"},"canonical":"https:\/\/riplast.sk\/index.php\/onas\/specialne-ponuky\/","og_locale":"sk_SK","og_type":"article","og_title":"\u0160peci\u00e1lne ponuky a akcie - riplast.sk","og_description":"[vc_row equal_height=&#8220;yes&#8220; content_placement=&#8220;middle&#8220; type=&#8220;vc_default&#8220; margin_top=&#8220;10&#8243; margin_bottom=&#8220;25&#8243; css=&#8220;.vc_custom_1490526340467{padding-top: 70px !important;padding-bottom: 20px !important;}&#8220;][vc_column width=&#8220;2\/3&#8243; css=&#8220;.vc_custom_1498750429084{padding-bottom: 50px !important;}&#8220; offset=&#8220;vc_col-lg-offset-0 vc_col-lg-6 vc_col-md-offset-0 vc_col-md-6 vc_col-sm-offset-2 vc_col-xs-12&#8243;][\/vc_column][vc_column width=&#8220;2\/3&#8243; css=&#8220;.vc_custom_1498750488327{padding-bottom: 50px !important;}&#8220; offset=&#8220;vc_col-lg-offset-0 vc_col-lg-6 vc_col-md-offset-0 vc_col-md-6 vc_col-sm-offset-2 vc_col-xs-12&#8243;][vc_column_text css=&#8220;.vc_custom_1567590954404{padding-bottom: 20px !important;}&#8220;]Plastov\u00e9 okn\u00e1 na\u0161ej v\u00fdroby pon\u00fakaj\u00fa v\u00fdborn\u00fd pomer ceny a tepelno-izola\u010dn\u00fdch vlastnost\u00ed. Ve\u013ek\u00fd v\u00fdber profilov umo\u017e\u0148uje spo\u013eahliv\u00e9 pou\u017eitie plastov\u00fdch okien u\u00a0v\u00e4\u010d\u0161iny bytov a&hellip;","og_url":"https:\/\/riplast.sk\/index.php\/onas\/specialne-ponuky\/","og_site_name":"riplast.sk","article_modified_time":"2021-04-12T09:20:31+00:00","twitter_card":"summary_large_image","twitter_misc":{"Predpokladan\u00fd \u010das \u010d\u00edtania":"5 min\u00fat"},"schema":{"@context":"https:\/\/schema.org","@graph":[{"@type":"WebPage","@id":"https:\/\/riplast.sk\/index.php\/onas\/specialne-ponuky\/","url":"https:\/\/riplast.sk\/index.php\/onas\/specialne-ponuky\/","name":"\u0160peci\u00e1lne ponuky a akcie - riplast.sk","isPartOf":{"@id":"https:\/\/riplast.sk\/#website"},"datePublished":"2016-01-29T09:24:10+00:00","dateModified":"2021-04-12T09:20:31+00:00","breadcrumb":{"@id":"https:\/\/riplast.sk\/index.php\/onas\/specialne-ponuky\/#breadcrumb"},"inLanguage":"sk-SK","potentialAction":[{"@type":"ReadAction","target":["https:\/\/riplast.sk\/index.php\/onas\/specialne-ponuky\/"]}]},{"@type":"BreadcrumbList","@id":"https:\/\/riplast.sk\/index.php\/onas\/specialne-ponuky\/#breadcrumb","itemListElement":[{"@type":"ListItem","position":1,"name":"Home","item":"https:\/\/riplast.sk\/"},{"@type":"ListItem","position":2,"name":"Profil spolo\u010dnosti","item":"https:\/\/riplast.sk\/index.php\/onas\/"},{"@type":"ListItem","position":3,"name":"\u0160peci\u00e1lne ponuky a akcie"}]},{"@type":"WebSite","@id":"https:\/\/riplast.sk\/#website","url":"https:\/\/riplast.sk\/","name":"riplast.sk","description":"Okn\u00e1 a vchodov\u00e9 dvere","potentialAction":[{"@type":"SearchAction","target":{"@type":"EntryPoint","urlTemplate":"https:\/\/riplast.sk\/?s={search_term_string}"},"query-input":{"@type":"PropertyValueSpecification","valueRequired":true,"valueName":"search_term_string"}}],"inLanguage":"sk-SK"}]}},"_links":{"self":[{"href":"https:\/\/riplast.sk\/index.php\/wp-json\/wp\/v2\/pages\/24"}],"collection":[{"href":"https:\/\/riplast.sk\/index.php\/wp-json\/wp\/v2\/pages"}],"about":[{"href":"https:\/\/riplast.sk\/index.php\/wp-json\/wp\/v2\/types\/page"}],"author":[{"embeddable":true,"href":"https:\/\/riplast.sk\/index.php\/wp-json\/wp\/v2\/users\/1"}],"replies":[{"embeddable":true,"href":"https:\/\/riplast.sk\/index.php\/wp-json\/wp\/v2\/comments?post=24"}],"version-history":[{"count":13,"href":"https:\/\/riplast.sk\/index.php\/wp-json\/wp\/v2\/pages\/24\/revisions"}],"predecessor-version":[{"id":2473,"href":"https:\/\/riplast.sk\/index.php\/wp-json\/wp\/v2\/pages\/24\/revisions\/2473"}],"up":[{"embeddable":true,"href":"https:\/\/riplast.sk\/index.php\/wp-json\/wp\/v2\/pages\/5"}],"wp:attachment":[{"href":"https:\/\/riplast.sk\/index.php\/wp-json\/wp\/v2\/media?parent=24"}],"curies":[{"name":"wp","href":"https:\/\/api.w.org\/{rel}","templated":true}]}}