{"id":2384,"date":"2020-01-29T12:27:13","date_gmt":"2020-01-29T11:27:13","guid":{"rendered":"http:\/\/riplast.sk\/?page_id=2384"},"modified":"2023-03-01T21:13:02","modified_gmt":"2023-03-01T20:13:02","slug":"inotherm","status":"publish","type":"page","link":"https:\/\/riplast.sk\/index.php\/inotherm\/","title":{"rendered":"Inotherm"},"content":{"rendered":"<div class=\"wpb-content-wrapper\"><p>[vc_row][vc_column][vc_column_text]<\/p>\n<h4 style=\"text-align: center;\"><strong>Luxusn\u00e9 hlin\u00edkov\u00e9 dvere<\/strong>\u00a0od zna\u010dkov\u00e9ho v\u00fdrobcu inotherm, s\u00fa aktu\u00e1lne t\u00fdm najkvalitnej\u0161\u00edm produktom, ktor\u00fd si m\u00f4\u017eete zvoli\u0165. Prednosti spo\u010d\u00edvaj\u00fa v detailoch.<\/h4>\n<p style=\"text-align: center;\">Vynikaj\u00faca statika, vysok\u00e1 tepeln\u00e1 izol\u00e1cia vhodn\u00e1 aj pre energeticky \u00fasporn\u00e9 domy, v\u00fdnimo\u010dn\u00fd design a funk\u010dnos\u0165. Ka\u017ed\u00fd modelov\u00fd design je, taktie\u017e, mo\u017eno modifikova\u0165 a prisp\u00f4sobova\u0165 \u017eelaniam z\u00e1kazn\u00edka.<\/p>\n<p style=\"text-align: center;\">Vysk\u00fa\u0161ajte si nakonfig\u00farova\u0165 Va\u0161e nov\u00e9 luxusn\u00e9 dvere cez n\u00e1\u0161 interakt\u00edvny\u00a0<a href=\"https:\/\/www.inotherm.com\/konfigurator\/?lang=sk\">konfigur\u00e1tor.<\/a><\/p>\n<p><a href=\"https:\/\/www.inotherm.com\/konfigurator\/?lang=sk\"><img loading=\"lazy\" decoding=\"async\" class=\"aligncenter wp-image-2385 size-full\" src=\"http:\/\/riplast.sk\/wp-content\/uploads\/2020\/01\/Konfigurator_vchodov\u00fdch_dvier-1024x689-1.jpg\" alt=\"\" width=\"1024\" height=\"689\" srcset=\"https:\/\/riplast.sk\/wp-content\/uploads\/2020\/01\/Konfigurator_vchodov\u00fdch_dvier-1024x689-1.jpg 1024w, https:\/\/riplast.sk\/wp-content\/uploads\/2020\/01\/Konfigurator_vchodov\u00fdch_dvier-1024x689-1-600x404.jpg 600w, https:\/\/riplast.sk\/wp-content\/uploads\/2020\/01\/Konfigurator_vchodov\u00fdch_dvier-1024x689-1-300x202.jpg 300w, https:\/\/riplast.sk\/wp-content\/uploads\/2020\/01\/Konfigurator_vchodov\u00fdch_dvier-1024x689-1-768x517.jpg 768w\" sizes=\"(max-width: 1024px) 100vw, 1024px\" \/><\/a>[\/vc_column_text]<div class=\"hr-thin style-line accent-border-color\" style=\"width: 100%;border-top-width: 2px;\"><\/div>[vc_media_grid grid_id=&#8220;vc_gid:1677700911970-0e3b4dda-feee-6&#8243; include=&#8220;2601,2603,2604&#8243;]<div class=\"hr-thin style-line accent-border-color\" style=\"width: 100%;border-top-width: 2px;\"><\/div><style type=\"text\/css\" data-type=\"the7_shortcodes-inline-css\">.gallery-carousel-shortcode.gallery-carousel-shortcode-id-41a1ed132482ae80c769aefc1b28c0df.owl-carousel .owl-nav div {\n  width: 36px;\n  height: 36px;\n  border-radius: 500px;\n}\n.dt-arrow-border-on.gallery-carousel-shortcode.gallery-carousel-shortcode-id-41a1ed132482ae80c769aefc1b28c0df.owl-carousel .owl-nav div:not(:hover):before {\n  border-width: 0px;\n}\n.dt-arrow-hover-border-on.gallery-carousel-shortcode.gallery-carousel-shortcode-id-41a1ed132482ae80c769aefc1b28c0df.owl-carousel .owl-nav div:hover:after {\n  border-width: 0px;\n}\n.gallery-carousel-shortcode.gallery-carousel-shortcode-id-41a1ed132482ae80c769aefc1b28c0df.owl-carousel .owl-nav div.owl-prev {\n  top: 50%;\n  transform: translateY(calc(-50% + 0px));\n  left: -43px;\n}\n@media all and (-ms-high-contrast: none) {\n  .gallery-carousel-shortcode.gallery-carousel-shortcode-id-41a1ed132482ae80c769aefc1b28c0df.owl-carousel .owl-nav div.owl-prev {\n    transform: translateY(-50%);\n    margin-top: 0px;\n  }\n}\n.gallery-carousel-shortcode.gallery-carousel-shortcode-id-41a1ed132482ae80c769aefc1b28c0df.owl-carousel .owl-nav div.owl-prev i {\n  padding: 0px 0px 0px 0px;\n}\n.gallery-carousel-shortcode.gallery-carousel-shortcode-id-41a1ed132482ae80c769aefc1b28c0df.owl-carousel .owl-nav div.owl-next {\n  top: 50%;\n  transform: translateY(calc(-50% + 0px));\n  right: -43px;\n}\n@media all and (-ms-high-contrast: none) {\n  .gallery-carousel-shortcode.gallery-carousel-shortcode-id-41a1ed132482ae80c769aefc1b28c0df.owl-carousel .owl-nav div.owl-next {\n    transform: translateY(-50%);\n    margin-top: 0px;\n  }\n}\n.gallery-carousel-shortcode.gallery-carousel-shortcode-id-41a1ed132482ae80c769aefc1b28c0df.owl-carousel .owl-nav div.owl-next i {\n  padding: 0px 0px 0px 0px;\n}\n.gallery-carousel-shortcode.gallery-carousel-shortcode-id-41a1ed132482ae80c769aefc1b28c0df.owl-carousel .owl-nav i {\n  font-size: 18px;\n}\n.gallery-carousel-shortcode.gallery-carousel-shortcode-id-41a1ed132482ae80c769aefc1b28c0df.owl-carousel .owl-nav div:not(:hover) i,\n.gallery-carousel-shortcode.gallery-carousel-shortcode-id-41a1ed132482ae80c769aefc1b28c0df.owl-carousel .owl-nav div:not(:hover) i:before {\n  color: #ffffff;\n  background: none;\n}\n.gallery-carousel-shortcode.gallery-carousel-shortcode-id-41a1ed132482ae80c769aefc1b28c0df.owl-carousel .owl-nav div:hover i,\n.gallery-carousel-shortcode.gallery-carousel-shortcode-id-41a1ed132482ae80c769aefc1b28c0df.owl-carousel .owl-nav div:hover i:before {\n  color: rgba(255,255,255,0.75);\n  background: none;\n}\n.gallery-carousel-shortcode.gallery-carousel-shortcode-id-41a1ed132482ae80c769aefc1b28c0df .owl-dots {\n  top: calc(100% + 20px);\n  left: 50%;\n  transform: translateX(calc(-50% + 0px));\n}\n@media all and (-ms-high-contrast: none) {\n  .gallery-carousel-shortcode.gallery-carousel-shortcode-id-41a1ed132482ae80c769aefc1b28c0df .owl-dots {\n    transform: translateX(-50%);\n    margin-left: 0px;\n  }\n}\n.gallery-carousel-shortcode.gallery-carousel-shortcode-id-41a1ed132482ae80c769aefc1b28c0df .owl-dot {\n  width: 10px;\n  height: 10px;\n  margin: 0 8px;\n}\n@media screen and (max-width: 778px) {\n  .gallery-carousel-shortcode.gallery-carousel-shortcode-id-41a1ed132482ae80c769aefc1b28c0df.hide-arrows .owl-nav a {\n    display: none;\n  }\n}\n@media screen and (max-width: 778px) {\n  .gallery-carousel-shortcode.gallery-carousel-shortcode-id-41a1ed132482ae80c769aefc1b28c0df.reposition-arrows .owl-nav .owl-prev {\n    top: 50%;\n    transform: translateY(calc(-50% + 0px));\n    left: 10px;\n  }\n  .gallery-carousel-shortcode.gallery-carousel-shortcode-id-41a1ed132482ae80c769aefc1b28c0df.reposition-arrows .owl-nav .owl-next {\n    top: 50%;\n    transform: translateY(calc(-50% + 0px));\n    right: 10px;\n  }\n}\n@media screen and (max-width: 778px) and all and (-ms-high-contrast: none) {\n  .gallery-carousel-shortcode.gallery-carousel-shortcode-id-41a1ed132482ae80c769aefc1b28c0df.reposition-arrows .owl-nav .owl-prev {\n    transform: translateY(-50%);\n    margin-top: 0px;\n  }\n}\n@media screen and (max-width: 778px) and all and (-ms-high-contrast: none) {\n  .gallery-carousel-shortcode.gallery-carousel-shortcode-id-41a1ed132482ae80c769aefc1b28c0df.reposition-arrows .owl-nav .owl-next {\n    transform: translateY(-50%);\n    margin-top: 0px;\n  }\n}\n.gallery-carousel-shortcode.gallery-carousel-shortcode-id-41a1ed132482ae80c769aefc1b28c0df figure,\n.gallery-carousel-shortcode.gallery-carousel-shortcode-id-41a1ed132482ae80c769aefc1b28c0df .rollover,\n.gallery-carousel-shortcode.gallery-carousel-shortcode-id-41a1ed132482ae80c769aefc1b28c0df img,\n.gallery-carousel-shortcode.gallery-carousel-shortcode-id-41a1ed132482ae80c769aefc1b28c0df .gallery-rollover {\n  border-radius: 0px;\n}\n.gallery-carousel-shortcode.gallery-carousel-shortcode-id-41a1ed132482ae80c769aefc1b28c0df.enable-bg-rollover .gallery-rollover {\n  background: -webkit-linear-gradient();\n  background: linear-gradient();\n}\n.gallery-carousel-shortcode.gallery-carousel-shortcode-id-41a1ed132482ae80c769aefc1b28c0df.enable-img-shadow .owl-stage-outer {\n  padding: 14px 0;\n}\n.gallery-carousel-shortcode.gallery-carousel-shortcode-id-41a1ed132482ae80c769aefc1b28c0df.enable-bg-rollover.hover-scale figure .rollover:after {\n  background: -webkit-linear-gradient();\n  background: linear-gradient();\n}\n.gallery-carousel-shortcode.gallery-carousel-shortcode-id-41a1ed132482ae80c769aefc1b28c0df.gallery-shortcode .gallery-zoom-ico {\n  width: 44px;\n  height: 44px;\n  line-height: 44px;\n  border-radius: 100px;\n  margin: -22px 0 0 -22px;\n  border-width: 0px;\n}\n.dt-icon-bg-on.gallery-carousel-shortcode.gallery-carousel-shortcode-id-41a1ed132482ae80c769aefc1b28c0df.gallery-shortcode .gallery-zoom-ico {\n  background: rgba(255,255,255,0.3);\n  box-shadow: none;\n}\n.gallery-carousel-shortcode.gallery-carousel-shortcode-id-41a1ed132482ae80c769aefc1b28c0df.gallery-shortcode .gallery-zoom-ico:before,\n.gallery-carousel-shortcode.gallery-carousel-shortcode-id-41a1ed132482ae80c769aefc1b28c0df.gallery-shortcode .gallery-zoom-ico span {\n  font-size: 32px;\n  line-height: 44px;\n  color: #ffffff;\n  background: none;\n}\n<\/style><div class=\"owl-carousel gallery-carousel-shortcode gallery-shortcode  dt-gallery-container dt-owl-carousel-call gallery-carousel-shortcode-id-41a1ed132482ae80c769aefc1b28c0df quick-scale-img enable-bg-rollover meta-info-off dt-arrow-border-on dt-arrow-hover-border-on bullets-small-dot-stroke reposition-arrows dt-icon-bg-off arrows-bg-on disable-arrows-hover-bg arrows-hover-bg-on  hover-fade \" data-scroll-mode=\"1\" data-col-num=\"6\" data-wide-col-num=\"6\" data-laptop-col=\"5\" data-h-tablet-columns-num=\"4\" data-v-tablet-columns-num=\"3\" data-phone-columns-num=\"1\" data-col-gap=\"10\" data-stage-padding=\"0\" data-speed=\"600\" data-autoplay=\"false\" data-autoplay_speed=\"6000\" data-arrows=\"true\" data-bullet=\"false\" data-next-icon=\"icon-ar-017-r\" data-prev-icon=\"icon-ar-017-l\" data-img-shadow-size=\"12px\" data-img-shadow-spread=\"3px\"><div data-post-id=\"2519\" data-date=\"2022-10-28T12:15:07+02:00\" data-name=\"IMG_6948\"><figure class=\"post\"><a href=\"https:\/\/riplast.sk\/wp-content\/uploads\/2022\/10\/IMG_6948-scaled.jpg\" class=\"rollover dt-pswp-item layzr-bg\" data-large_image_width=\"1920\" data-large_image_height=\"2560\" data-dt-img-description=\"\" title=\"IMG_6948\"><img fetchpriority=\"high\" decoding=\"async\" class=\"preload-me owl-lazy-load aspect\" src=\"data:image\/svg+xml,%3Csvg%20xmlns%3D&#39;http%3A%2F%2Fwww.w3.org%2F2000%2Fsvg&#39;%20viewBox%3D&#39;0%200%201920%201920&#39;%2F%3E\" data-src=\"https:\/\/riplast.sk\/wp-content\/uploads\/2022\/10\/IMG_6948-scaled-1920x1920.jpg\" data-srcset=\"https:\/\/riplast.sk\/wp-content\/uploads\/2022\/10\/IMG_6948-scaled-1920x1920.jpg 1920w\" loading=\"eager\" style=\"--ratio: 1920 \/ 1920\" sizes=\"(max-width: 1920px) 100vw, 1920px\" alt=\"\" width=\"1920\" height=\"1920\"  \/><span class=\"gallery-rollover\"><span class=\"gallery-zoom-ico icomoon-the7-font-the7-zoom-06\"><span><\/span><\/span><\/span><\/a><\/figure><\/div><div data-post-id=\"2518\" data-date=\"2022-10-28T12:14:31+02:00\" data-name=\"cof\"><figure class=\"post\"><a href=\"https:\/\/riplast.sk\/wp-content\/uploads\/2022\/10\/IMG_20210211_124702-scaled.jpg\" class=\"rollover dt-pswp-item layzr-bg\" data-large_image_width=\"1445\" data-large_image_height=\"2560\" data-dt-img-description=\"\" title=\"cof\"><img decoding=\"async\" class=\"preload-me owl-lazy-load aspect\" src=\"data:image\/svg+xml,%3Csvg%20xmlns%3D&#39;http%3A%2F%2Fwww.w3.org%2F2000%2Fsvg&#39;%20viewBox%3D&#39;0%200%201445%201445&#39;%2F%3E\" data-src=\"https:\/\/riplast.sk\/wp-content\/uploads\/2022\/10\/IMG_20210211_124702-scaled-1445x1445.jpg\" data-srcset=\"https:\/\/riplast.sk\/wp-content\/uploads\/2022\/10\/IMG_20210211_124702-scaled-1445x1445.jpg 1445w\" loading=\"eager\" style=\"--ratio: 1445 \/ 1445\" sizes=\"(max-width: 1445px) 100vw, 1445px\" alt=\"\" width=\"1445\" height=\"1445\"  \/><span class=\"gallery-rollover\"><span class=\"gallery-zoom-ico icomoon-the7-font-the7-zoom-06\"><span><\/span><\/span><\/span><\/a><\/figure><\/div><div data-post-id=\"2517\" data-date=\"2022-10-28T12:14:21+02:00\" data-name=\"klasicna-alu-vrata\"><figure class=\"post\"><a href=\"https:\/\/riplast.sk\/wp-content\/uploads\/2022\/10\/klasicna-alu-vrata.jpg\" class=\"rollover dt-pswp-item layzr-bg\" data-large_image_width=\"1000\" data-large_image_height=\"666\" data-dt-img-description=\"\" title=\"klasicna-alu-vrata\"><img decoding=\"async\" class=\"preload-me owl-lazy-load aspect\" src=\"data:image\/svg+xml,%3Csvg%20xmlns%3D&#39;http%3A%2F%2Fwww.w3.org%2F2000%2Fsvg&#39;%20viewBox%3D&#39;0%200%20666%20666&#39;%2F%3E\" data-src=\"https:\/\/riplast.sk\/wp-content\/uploads\/2022\/10\/klasicna-alu-vrata-666x666.jpg\" data-srcset=\"https:\/\/riplast.sk\/wp-content\/uploads\/2022\/10\/klasicna-alu-vrata-666x666.jpg 666w\" loading=\"eager\" style=\"--ratio: 666 \/ 666\" sizes=\"(max-width: 666px) 100vw, 666px\" alt=\"\" width=\"666\" height=\"666\"  \/><span class=\"gallery-rollover\"><span class=\"gallery-zoom-ico icomoon-the7-font-the7-zoom-06\"><span><\/span><\/span><\/span><\/a><\/figure><\/div><div data-post-id=\"2516\" data-date=\"2022-10-28T12:14:13+02:00\" data-name=\"IMG_4372\"><figure class=\"post\"><a href=\"https:\/\/riplast.sk\/wp-content\/uploads\/2022\/10\/IMG_4372.jpg\" class=\"rollover dt-pswp-item layzr-bg\" data-large_image_width=\"1200\" data-large_image_height=\"1600\" data-dt-img-description=\"\" title=\"IMG_4372\"><img decoding=\"async\" class=\"preload-me owl-lazy-load aspect\" src=\"data:image\/svg+xml,%3Csvg%20xmlns%3D&#39;http%3A%2F%2Fwww.w3.org%2F2000%2Fsvg&#39;%20viewBox%3D&#39;0%200%201200%201200&#39;%2F%3E\" data-src=\"https:\/\/riplast.sk\/wp-content\/uploads\/2022\/10\/IMG_4372-1200x1200.jpg\" data-srcset=\"https:\/\/riplast.sk\/wp-content\/uploads\/2022\/10\/IMG_4372-1200x1200.jpg 1200w\" loading=\"eager\" style=\"--ratio: 1200 \/ 1200\" sizes=\"(max-width: 1200px) 100vw, 1200px\" alt=\"\" width=\"1200\" height=\"1200\"  \/><span class=\"gallery-rollover\"><span class=\"gallery-zoom-ico icomoon-the7-font-the7-zoom-06\"><span><\/span><\/span><\/span><\/a><\/figure><\/div><div data-post-id=\"2515\" data-date=\"2022-10-28T12:14:08+02:00\" data-name=\"alu-vrata-konbinacija-kamnita-fasada\"><figure class=\"post\"><a href=\"https:\/\/riplast.sk\/wp-content\/uploads\/2022\/10\/alu-vrata-konbinacija-kamnita-fasada.jpg\" class=\"rollover dt-pswp-item layzr-bg\" data-large_image_width=\"666\" data-large_image_height=\"1000\" data-dt-img-description=\"\" title=\"alu-vrata-konbinacija-kamnita-fasada\"><img decoding=\"async\" class=\"preload-me owl-lazy-load aspect\" src=\"data:image\/svg+xml,%3Csvg%20xmlns%3D&#39;http%3A%2F%2Fwww.w3.org%2F2000%2Fsvg&#39;%20viewBox%3D&#39;0%200%20666%20666&#39;%2F%3E\" data-src=\"https:\/\/riplast.sk\/wp-content\/uploads\/2022\/10\/alu-vrata-konbinacija-kamnita-fasada-666x666.jpg\" data-srcset=\"https:\/\/riplast.sk\/wp-content\/uploads\/2022\/10\/alu-vrata-konbinacija-kamnita-fasada-666x666.jpg 666w\" loading=\"eager\" style=\"--ratio: 666 \/ 666\" sizes=\"(max-width: 666px) 100vw, 666px\" alt=\"\" width=\"666\" height=\"666\"  \/><span class=\"gallery-rollover\"><span class=\"gallery-zoom-ico icomoon-the7-font-the7-zoom-06\"><span><\/span><\/span><\/span><\/a><\/figure><\/div><div data-post-id=\"2514\" data-date=\"2022-10-28T12:13:57+02:00\" data-name=\"20210310_100533\"><figure class=\"post\"><a href=\"https:\/\/riplast.sk\/wp-content\/uploads\/2022\/10\/20210310_100533-scaled.jpg\" class=\"rollover dt-pswp-item layzr-bg\" data-large_image_width=\"1920\" data-large_image_height=\"2560\" data-dt-img-description=\"\" title=\"20210310_100533\"><img decoding=\"async\" class=\"preload-me owl-lazy-load aspect\" src=\"data:image\/svg+xml,%3Csvg%20xmlns%3D&#39;http%3A%2F%2Fwww.w3.org%2F2000%2Fsvg&#39;%20viewBox%3D&#39;0%200%201920%201920&#39;%2F%3E\" data-src=\"https:\/\/riplast.sk\/wp-content\/uploads\/2022\/10\/20210310_100533-scaled-1920x1920.jpg\" data-srcset=\"https:\/\/riplast.sk\/wp-content\/uploads\/2022\/10\/20210310_100533-scaled-1920x1920.jpg 1920w\" loading=\"eager\" style=\"--ratio: 1920 \/ 1920\" sizes=\"(max-width: 1920px) 100vw, 1920px\" alt=\"\" width=\"1920\" height=\"1920\"  \/><span class=\"gallery-rollover\"><span class=\"gallery-zoom-ico icomoon-the7-font-the7-zoom-06\"><span><\/span><\/span><\/span><\/a><\/figure><\/div><div data-post-id=\"2513\" data-date=\"2022-10-28T12:13:52+02:00\" data-name=\"20200507_110725\"><figure class=\"post\"><a href=\"https:\/\/riplast.sk\/wp-content\/uploads\/2022\/10\/20200507_110725-scaled.jpg\" class=\"rollover dt-pswp-item layzr-bg\" data-large_image_width=\"1244\" data-large_image_height=\"2560\" data-dt-img-description=\"\" title=\"20200507_110725\"><img decoding=\"async\" class=\"preload-me owl-lazy-load aspect\" src=\"data:image\/svg+xml,%3Csvg%20xmlns%3D&#39;http%3A%2F%2Fwww.w3.org%2F2000%2Fsvg&#39;%20viewBox%3D&#39;0%200%201244%201244&#39;%2F%3E\" data-src=\"https:\/\/riplast.sk\/wp-content\/uploads\/2022\/10\/20200507_110725-scaled-1244x1244.jpg\" data-srcset=\"https:\/\/riplast.sk\/wp-content\/uploads\/2022\/10\/20200507_110725-scaled-1244x1244.jpg 1244w\" loading=\"eager\" style=\"--ratio: 1244 \/ 1244\" sizes=\"(max-width: 1244px) 100vw, 1244px\" alt=\"\" width=\"1244\" height=\"1244\"  \/><span class=\"gallery-rollover\"><span class=\"gallery-zoom-ico icomoon-the7-font-the7-zoom-06\"><span><\/span><\/span><\/span><\/a><\/figure><\/div><\/div><div class=\"hr-thin style-line accent-border-color\" style=\"width: 100%;border-top-width: 2px;\"><\/div>[vc_media_grid grid_id=&#8220;vc_gid:1677701080468-bd4d1bc8-2809-3&#8243; include=&#8220;2605,2606,2607&#8243;]<div class=\"hr-thin style-line accent-border-color\" style=\"width: 100%;border-top-width: 2px;\"><\/div>[vc_media_grid element_width=&#8220;3&#8243; grid_id=&#8220;vc_gid:1677701456535-5dbff340-4a33-6&#8243; include=&#8220;2608,2609,2610,2611&#8243;][\/vc_column][\/vc_row]<\/p>\n<\/div>","protected":false},"excerpt":{"rendered":"<p>[vc_row][vc_column][vc_column_text] Luxusn\u00e9 hlin\u00edkov\u00e9 dvere\u00a0od zna\u010dkov\u00e9ho v\u00fdrobcu inotherm, s\u00fa aktu\u00e1lne t\u00fdm najkvalitnej\u0161\u00edm produktom, ktor\u00fd si m\u00f4\u017eete zvoli\u0165. Prednosti spo\u010d\u00edvaj\u00fa v detailoch. Vynikaj\u00faca statika, vysok\u00e1 tepeln\u00e1 izol\u00e1cia vhodn\u00e1 aj pre energeticky \u00fasporn\u00e9 domy, v\u00fdnimo\u010dn\u00fd design a funk\u010dnos\u0165. Ka\u017ed\u00fd modelov\u00fd design je, taktie\u017e, mo\u017eno modifikova\u0165 a prisp\u00f4sobova\u0165 \u017eelaniam z\u00e1kazn\u00edka. Vysk\u00fa\u0161ajte si nakonfig\u00farova\u0165 Va\u0161e nov\u00e9 luxusn\u00e9 dvere cez n\u00e1\u0161&hellip;<\/p>\n","protected":false},"author":1,"featured_media":0,"parent":0,"menu_order":0,"comment_status":"closed","ping_status":"closed","template":"","meta":{"footnotes":""},"class_list":["post-2384","page","type-page","status-publish","hentry","description-off"],"yoast_head":"<!-- This site is optimized with the Yoast SEO plugin v23.5 - https:\/\/yoast.com\/wordpress\/plugins\/seo\/ -->\n<title>Inotherm - riplast.sk<\/title>\n<meta name=\"robots\" content=\"index, follow, max-snippet:-1, max-image-preview:large, max-video-preview:-1\" \/>\n<link rel=\"canonical\" href=\"https:\/\/riplast.sk\/index.php\/inotherm\/\" \/>\n<meta property=\"og:locale\" content=\"sk_SK\" \/>\n<meta property=\"og:type\" content=\"article\" \/>\n<meta property=\"og:title\" content=\"Inotherm - riplast.sk\" \/>\n<meta property=\"og:description\" content=\"[vc_row][vc_column][vc_column_text] Luxusn\u00e9 hlin\u00edkov\u00e9 dvere\u00a0od zna\u010dkov\u00e9ho v\u00fdrobcu inotherm, s\u00fa aktu\u00e1lne t\u00fdm najkvalitnej\u0161\u00edm produktom, ktor\u00fd si m\u00f4\u017eete zvoli\u0165. Prednosti spo\u010d\u00edvaj\u00fa v detailoch. Vynikaj\u00faca statika, vysok\u00e1 tepeln\u00e1 izol\u00e1cia vhodn\u00e1 aj pre energeticky \u00fasporn\u00e9 domy, v\u00fdnimo\u010dn\u00fd design a funk\u010dnos\u0165. Ka\u017ed\u00fd modelov\u00fd design je, taktie\u017e, mo\u017eno modifikova\u0165 a prisp\u00f4sobova\u0165 \u017eelaniam z\u00e1kazn\u00edka. Vysk\u00fa\u0161ajte si nakonfig\u00farova\u0165 Va\u0161e nov\u00e9 luxusn\u00e9 dvere cez n\u00e1\u0161&hellip;\" \/>\n<meta property=\"og:url\" content=\"https:\/\/riplast.sk\/index.php\/inotherm\/\" \/>\n<meta property=\"og:site_name\" content=\"riplast.sk\" \/>\n<meta property=\"article:modified_time\" content=\"2023-03-01T20:13:02+00:00\" \/>\n<meta name=\"twitter:card\" content=\"summary_large_image\" \/>\n<meta name=\"twitter:label1\" content=\"Predpokladan\u00fd \u010das \u010d\u00edtania\" \/>\n\t<meta name=\"twitter:data1\" content=\"1 min\u00fata\" \/>\n<script type=\"application\/ld+json\" class=\"yoast-schema-graph\">{\"@context\":\"https:\/\/schema.org\",\"@graph\":[{\"@type\":\"WebPage\",\"@id\":\"https:\/\/riplast.sk\/index.php\/inotherm\/\",\"url\":\"https:\/\/riplast.sk\/index.php\/inotherm\/\",\"name\":\"Inotherm - riplast.sk\",\"isPartOf\":{\"@id\":\"https:\/\/riplast.sk\/#website\"},\"datePublished\":\"2020-01-29T11:27:13+00:00\",\"dateModified\":\"2023-03-01T20:13:02+00:00\",\"breadcrumb\":{\"@id\":\"https:\/\/riplast.sk\/index.php\/inotherm\/#breadcrumb\"},\"inLanguage\":\"sk-SK\",\"potentialAction\":[{\"@type\":\"ReadAction\",\"target\":[\"https:\/\/riplast.sk\/index.php\/inotherm\/\"]}]},{\"@type\":\"BreadcrumbList\",\"@id\":\"https:\/\/riplast.sk\/index.php\/inotherm\/#breadcrumb\",\"itemListElement\":[{\"@type\":\"ListItem\",\"position\":1,\"name\":\"Home\",\"item\":\"https:\/\/riplast.sk\/\"},{\"@type\":\"ListItem\",\"position\":2,\"name\":\"Inotherm\"}]},{\"@type\":\"WebSite\",\"@id\":\"https:\/\/riplast.sk\/#website\",\"url\":\"https:\/\/riplast.sk\/\",\"name\":\"riplast.sk\",\"description\":\"Okn\u00e1 a vchodov\u00e9 dvere\",\"potentialAction\":[{\"@type\":\"SearchAction\",\"target\":{\"@type\":\"EntryPoint\",\"urlTemplate\":\"https:\/\/riplast.sk\/?s={search_term_string}\"},\"query-input\":{\"@type\":\"PropertyValueSpecification\",\"valueRequired\":true,\"valueName\":\"search_term_string\"}}],\"inLanguage\":\"sk-SK\"}]}<\/script>\n<!-- \/ Yoast SEO plugin. -->","yoast_head_json":{"title":"Inotherm - riplast.sk","robots":{"index":"index","follow":"follow","max-snippet":"max-snippet:-1","max-image-preview":"max-image-preview:large","max-video-preview":"max-video-preview:-1"},"canonical":"https:\/\/riplast.sk\/index.php\/inotherm\/","og_locale":"sk_SK","og_type":"article","og_title":"Inotherm - riplast.sk","og_description":"[vc_row][vc_column][vc_column_text] Luxusn\u00e9 hlin\u00edkov\u00e9 dvere\u00a0od zna\u010dkov\u00e9ho v\u00fdrobcu inotherm, s\u00fa aktu\u00e1lne t\u00fdm najkvalitnej\u0161\u00edm produktom, ktor\u00fd si m\u00f4\u017eete zvoli\u0165. Prednosti spo\u010d\u00edvaj\u00fa v detailoch. Vynikaj\u00faca statika, vysok\u00e1 tepeln\u00e1 izol\u00e1cia vhodn\u00e1 aj pre energeticky \u00fasporn\u00e9 domy, v\u00fdnimo\u010dn\u00fd design a funk\u010dnos\u0165. Ka\u017ed\u00fd modelov\u00fd design je, taktie\u017e, mo\u017eno modifikova\u0165 a prisp\u00f4sobova\u0165 \u017eelaniam z\u00e1kazn\u00edka. Vysk\u00fa\u0161ajte si nakonfig\u00farova\u0165 Va\u0161e nov\u00e9 luxusn\u00e9 dvere cez n\u00e1\u0161&hellip;","og_url":"https:\/\/riplast.sk\/index.php\/inotherm\/","og_site_name":"riplast.sk","article_modified_time":"2023-03-01T20:13:02+00:00","twitter_card":"summary_large_image","twitter_misc":{"Predpokladan\u00fd \u010das \u010d\u00edtania":"1 min\u00fata"},"schema":{"@context":"https:\/\/schema.org","@graph":[{"@type":"WebPage","@id":"https:\/\/riplast.sk\/index.php\/inotherm\/","url":"https:\/\/riplast.sk\/index.php\/inotherm\/","name":"Inotherm - riplast.sk","isPartOf":{"@id":"https:\/\/riplast.sk\/#website"},"datePublished":"2020-01-29T11:27:13+00:00","dateModified":"2023-03-01T20:13:02+00:00","breadcrumb":{"@id":"https:\/\/riplast.sk\/index.php\/inotherm\/#breadcrumb"},"inLanguage":"sk-SK","potentialAction":[{"@type":"ReadAction","target":["https:\/\/riplast.sk\/index.php\/inotherm\/"]}]},{"@type":"BreadcrumbList","@id":"https:\/\/riplast.sk\/index.php\/inotherm\/#breadcrumb","itemListElement":[{"@type":"ListItem","position":1,"name":"Home","item":"https:\/\/riplast.sk\/"},{"@type":"ListItem","position":2,"name":"Inotherm"}]},{"@type":"WebSite","@id":"https:\/\/riplast.sk\/#website","url":"https:\/\/riplast.sk\/","name":"riplast.sk","description":"Okn\u00e1 a vchodov\u00e9 dvere","potentialAction":[{"@type":"SearchAction","target":{"@type":"EntryPoint","urlTemplate":"https:\/\/riplast.sk\/?s={search_term_string}"},"query-input":{"@type":"PropertyValueSpecification","valueRequired":true,"valueName":"search_term_string"}}],"inLanguage":"sk-SK"}]}},"_links":{"self":[{"href":"https:\/\/riplast.sk\/index.php\/wp-json\/wp\/v2\/pages\/2384"}],"collection":[{"href":"https:\/\/riplast.sk\/index.php\/wp-json\/wp\/v2\/pages"}],"about":[{"href":"https:\/\/riplast.sk\/index.php\/wp-json\/wp\/v2\/types\/page"}],"author":[{"embeddable":true,"href":"https:\/\/riplast.sk\/index.php\/wp-json\/wp\/v2\/users\/1"}],"replies":[{"embeddable":true,"href":"https:\/\/riplast.sk\/index.php\/wp-json\/wp\/v2\/comments?post=2384"}],"version-history":[{"count":6,"href":"https:\/\/riplast.sk\/index.php\/wp-json\/wp\/v2\/pages\/2384\/revisions"}],"predecessor-version":[{"id":2612,"href":"https:\/\/riplast.sk\/index.php\/wp-json\/wp\/v2\/pages\/2384\/revisions\/2612"}],"wp:attachment":[{"href":"https:\/\/riplast.sk\/index.php\/wp-json\/wp\/v2\/media?parent=2384"}],"curies":[{"name":"wp","href":"https:\/\/api.w.org\/{rel}","templated":true}]}}