{"id":2376,"date":"2020-01-28T11:10:06","date_gmt":"2020-01-28T10:10:06","guid":{"rendered":"http:\/\/riplast.sk\/?page_id=2376"},"modified":"2025-03-27T12:23:10","modified_gmt":"2025-03-27T11:23:10","slug":"skladove-okna","status":"publish","type":"page","link":"https:\/\/riplast.sk\/index.php\/onas\/skladove-okna\/","title":{"rendered":"Skladov\u00e9 okn\u00e1"},"content":{"rendered":"\t\t<style>\r\n            #pdfp69f4ffd63be87 .title {  font-size: 16px; }#pdfp69f4ffd63be87 iframe {  height: 842px; }#pdfp69f4ffd63be87 {  width: 100%; }                                            <\/style>\r\n                <div id=\"pdfp69f4ffd63be87\" class=\"pdfp_wrapper \" data-infos=\"{&quot;protect&quot;:false,&quot;alert&quot;:false,&quot;adobeOptions&quot;:[]}\">\r\n            <div class=\"cta_wrapper\">\r\n                                    <p class=\"title\">skladove-okna-4-sloucen-okt25.pdf<\/p>\r\n                \r\n                                    <a class=\"pdfp_download\" download href=\"https:\/\/riplast.sk\/wp-content\/uploads\/2025\/11\/skladove-okna-4-sloucen-okt25.pdf\"><button class=\"pdfp_download_btn\" style=\"margin-right:15px;\">Download File<\/button><\/a>\r\n                \r\n                \t                <a class=\"pdfp_fullscreen\" target=\"_self\" href=\"https:\/\/riplast.sk\/wp-content\/plugins\/pdf-poster\/pdfjs-new\/web\/viewer.html?file=https:\/\/riplast.sk\/wp-content\/uploads\/2025\/11\/skladove-okna-4-sloucen-okt25.pdf&#038;nobaki=vera&#038;z=0&#038;stdono=vera&#038;onlypdf=&#038;raw=&#038;fullscreen=1&#038;sidebarOpen=false&#038;side=false&#038;open=false&#038;hrscroll=#page=1\"><button>View Fullscreen<\/button><\/a>\r\n                \r\n            <\/div>\r\n            <div class=\"iframe_wrapper\" >\r\n                <span class=\"close\">&times;<\/span>\r\n                <iframe loading=\"lazy\" title=\"skladove-okna-4-sloucen-okt25.pdf&amp;nobaki=vera&amp;z=0&amp;stdono=vera&amp;onlypdf=&amp;raw=&amp;fullscreen=1&amp;sidebarOpen=false&amp;side=false&amp;open=false&amp;hrscroll=#page=1\" id=\"frame-pdfp69f4ffd63be87\" class=\"pdfp_iframe\" width=\"100%\" height=\"842px\" data-source=\"https:\/\/riplast.sk\/wp-content\/plugins\/pdf-poster\/pdfjs-new\/web\/viewer.html?file=https:\/\/riplast.sk\/wp-content\/uploads\/2025\/11\/skladove-okna-4-sloucen-okt25.pdf&#038;nobaki=vera&#038;z=0&#038;stdono=vera&#038;onlypdf=&#038;raw=&#038;fullscreen=1&#038;sidebarOpen=false&#038;side=false&#038;open=false&#038;hrscroll=#page=1&new\" src=\"https:\/\/riplast.sk\/wp-content\/plugins\/pdf-poster\/pdfjs-new\/web\/viewer.html?file=https:\/\/riplast.sk\/wp-content\/uploads\/2025\/11\/skladove-okna-4-sloucen-okt25.pdf&#038;nobaki=vera&#038;z=0&#038;stdono=vera&#038;onlypdf=&#038;raw=&#038;fullscreen=1&#038;sidebarOpen=false&#038;side=false&#038;open=false&#038;hrscroll=#page=1\"><\/iframe>\r\n            <\/div>\r\n\t    <\/div>\r\n        \n\n\n<p><\/p>\n","protected":false},"excerpt":{"rendered":"<p>skladove-okna-4-sloucen-okt25.pdf Download File View Fullscreen &times;<\/p>\n","protected":false},"author":1,"featured_media":0,"parent":5,"menu_order":0,"comment_status":"closed","ping_status":"closed","template":"","meta":{"footnotes":""},"class_list":["post-2376","page","type-page","status-publish","hentry","description-off"],"yoast_head":"<!-- This site is optimized with the Yoast SEO plugin v23.5 - https:\/\/yoast.com\/wordpress\/plugins\/seo\/ -->\n<title>Skladov\u00e9 okn\u00e1 - riplast.sk<\/title>\n<meta name=\"robots\" content=\"index, follow, max-snippet:-1, max-image-preview:large, max-video-preview:-1\" \/>\n<link rel=\"canonical\" href=\"https:\/\/riplast.sk\/index.php\/onas\/skladove-okna\/\" \/>\n<meta property=\"og:locale\" content=\"sk_SK\" \/>\n<meta property=\"og:type\" content=\"article\" \/>\n<meta property=\"og:title\" content=\"Skladov\u00e9 okn\u00e1 - riplast.sk\" \/>\n<meta property=\"og:url\" content=\"https:\/\/riplast.sk\/index.php\/onas\/skladove-okna\/\" \/>\n<meta property=\"og:site_name\" content=\"riplast.sk\" \/>\n<meta property=\"article:modified_time\" content=\"2025-03-27T11:23:10+00:00\" \/>\n<meta name=\"twitter:card\" content=\"summary_large_image\" \/>\n<meta name=\"twitter:label1\" content=\"Predpokladan\u00fd \u010das \u010d\u00edtania\" \/>\n\t<meta name=\"twitter:data1\" content=\"1 min\u00fata\" \/>\n<script type=\"application\/ld+json\" class=\"yoast-schema-graph\">{\"@context\":\"https:\/\/schema.org\",\"@graph\":[{\"@type\":\"WebPage\",\"@id\":\"https:\/\/riplast.sk\/index.php\/onas\/skladove-okna\/\",\"url\":\"https:\/\/riplast.sk\/index.php\/onas\/skladove-okna\/\",\"name\":\"Skladov\u00e9 okn\u00e1 - riplast.sk\",\"isPartOf\":{\"@id\":\"https:\/\/riplast.sk\/#website\"},\"datePublished\":\"2020-01-28T10:10:06+00:00\",\"dateModified\":\"2025-03-27T11:23:10+00:00\",\"breadcrumb\":{\"@id\":\"https:\/\/riplast.sk\/index.php\/onas\/skladove-okna\/#breadcrumb\"},\"inLanguage\":\"sk-SK\",\"potentialAction\":[{\"@type\":\"ReadAction\",\"target\":[\"https:\/\/riplast.sk\/index.php\/onas\/skladove-okna\/\"]}]},{\"@type\":\"BreadcrumbList\",\"@id\":\"https:\/\/riplast.sk\/index.php\/onas\/skladove-okna\/#breadcrumb\",\"itemListElement\":[{\"@type\":\"ListItem\",\"position\":1,\"name\":\"Home\",\"item\":\"https:\/\/riplast.sk\/\"},{\"@type\":\"ListItem\",\"position\":2,\"name\":\"Profil spolo\u010dnosti\",\"item\":\"https:\/\/riplast.sk\/index.php\/onas\/\"},{\"@type\":\"ListItem\",\"position\":3,\"name\":\"Skladov\u00e9 okn\u00e1\"}]},{\"@type\":\"WebSite\",\"@id\":\"https:\/\/riplast.sk\/#website\",\"url\":\"https:\/\/riplast.sk\/\",\"name\":\"riplast.sk\",\"description\":\"Okn\u00e1 a vchodov\u00e9 dvere\",\"potentialAction\":[{\"@type\":\"SearchAction\",\"target\":{\"@type\":\"EntryPoint\",\"urlTemplate\":\"https:\/\/riplast.sk\/?s={search_term_string}\"},\"query-input\":{\"@type\":\"PropertyValueSpecification\",\"valueRequired\":true,\"valueName\":\"search_term_string\"}}],\"inLanguage\":\"sk-SK\"}]}<\/script>\n<!-- \/ Yoast SEO plugin. -->","yoast_head_json":{"title":"Skladov\u00e9 okn\u00e1 - riplast.sk","robots":{"index":"index","follow":"follow","max-snippet":"max-snippet:-1","max-image-preview":"max-image-preview:large","max-video-preview":"max-video-preview:-1"},"canonical":"https:\/\/riplast.sk\/index.php\/onas\/skladove-okna\/","og_locale":"sk_SK","og_type":"article","og_title":"Skladov\u00e9 okn\u00e1 - riplast.sk","og_url":"https:\/\/riplast.sk\/index.php\/onas\/skladove-okna\/","og_site_name":"riplast.sk","article_modified_time":"2025-03-27T11:23:10+00:00","twitter_card":"summary_large_image","twitter_misc":{"Predpokladan\u00fd \u010das \u010d\u00edtania":"1 min\u00fata"},"schema":{"@context":"https:\/\/schema.org","@graph":[{"@type":"WebPage","@id":"https:\/\/riplast.sk\/index.php\/onas\/skladove-okna\/","url":"https:\/\/riplast.sk\/index.php\/onas\/skladove-okna\/","name":"Skladov\u00e9 okn\u00e1 - riplast.sk","isPartOf":{"@id":"https:\/\/riplast.sk\/#website"},"datePublished":"2020-01-28T10:10:06+00:00","dateModified":"2025-03-27T11:23:10+00:00","breadcrumb":{"@id":"https:\/\/riplast.sk\/index.php\/onas\/skladove-okna\/#breadcrumb"},"inLanguage":"sk-SK","potentialAction":[{"@type":"ReadAction","target":["https:\/\/riplast.sk\/index.php\/onas\/skladove-okna\/"]}]},{"@type":"BreadcrumbList","@id":"https:\/\/riplast.sk\/index.php\/onas\/skladove-okna\/#breadcrumb","itemListElement":[{"@type":"ListItem","position":1,"name":"Home","item":"https:\/\/riplast.sk\/"},{"@type":"ListItem","position":2,"name":"Profil spolo\u010dnosti","item":"https:\/\/riplast.sk\/index.php\/onas\/"},{"@type":"ListItem","position":3,"name":"Skladov\u00e9 okn\u00e1"}]},{"@type":"WebSite","@id":"https:\/\/riplast.sk\/#website","url":"https:\/\/riplast.sk\/","name":"riplast.sk","description":"Okn\u00e1 a vchodov\u00e9 dvere","potentialAction":[{"@type":"SearchAction","target":{"@type":"EntryPoint","urlTemplate":"https:\/\/riplast.sk\/?s={search_term_string}"},"query-input":{"@type":"PropertyValueSpecification","valueRequired":true,"valueName":"search_term_string"}}],"inLanguage":"sk-SK"}]}},"_links":{"self":[{"href":"https:\/\/riplast.sk\/index.php\/wp-json\/wp\/v2\/pages\/2376"}],"collection":[{"href":"https:\/\/riplast.sk\/index.php\/wp-json\/wp\/v2\/pages"}],"about":[{"href":"https:\/\/riplast.sk\/index.php\/wp-json\/wp\/v2\/types\/page"}],"author":[{"embeddable":true,"href":"https:\/\/riplast.sk\/index.php\/wp-json\/wp\/v2\/users\/1"}],"replies":[{"embeddable":true,"href":"https:\/\/riplast.sk\/index.php\/wp-json\/wp\/v2\/comments?post=2376"}],"version-history":[{"count":10,"href":"https:\/\/riplast.sk\/index.php\/wp-json\/wp\/v2\/pages\/2376\/revisions"}],"predecessor-version":[{"id":2723,"href":"https:\/\/riplast.sk\/index.php\/wp-json\/wp\/v2\/pages\/2376\/revisions\/2723"}],"up":[{"embeddable":true,"href":"https:\/\/riplast.sk\/index.php\/wp-json\/wp\/v2\/pages\/5"}],"wp:attachment":[{"href":"https:\/\/riplast.sk\/index.php\/wp-json\/wp\/v2\/media?parent=2376"}],"curies":[{"name":"wp","href":"https:\/\/api.w.org\/{rel}","templated":true}]}}