{"id":2128,"date":"2019-08-26T11:56:38","date_gmt":"2019-08-26T09:56:38","guid":{"rendered":"http:\/\/riplast.sk\/?page_id=2128"},"modified":"2019-08-26T11:57:49","modified_gmt":"2019-08-26T09:57:49","slug":"garazove-brany","status":"publish","type":"page","link":"https:\/\/riplast.sk\/index.php\/produkty\/garazove-brany\/","title":{"rendered":"Gar\u00e1\u017eov\u00e9 br\u00e1ny"},"content":{"rendered":"<div class=\"wpb-content-wrapper\"><p>[vc_row][vc_column]<div id=\"ultimate-heading-389269f5986cdac21\" class=\"uvc-heading ult-adjust-bottom-margin ultimate-heading-389269f5986cdac21 uvc-5550  uvc-heading-default-font-sizes\" data-hspacer=\"no_spacer\"  data-halign=\"center\" style=\"text-align:center\"><div class=\"uvc-heading-spacer no_spacer\" style=\"top\"><\/div><div class=\"uvc-main-heading ult-responsive\"  data-ultimate-target='.uvc-heading.ultimate-heading-389269f5986cdac21 h2'  data-responsive-json-new='{\"font-size\":\"\",\"line-height\":\"\"}' ><h2 style=\"--font-weight:theme;\">Gar\u00e1\u017eov\u00e9 br\u00e1ny TRIDO<\/h2><\/div><\/div>[vc_column_text]Sek\u010dn\u00e9 gar\u00e1\u017eov\u00e9 br\u00e1ny n\u00e1jdu svoje uplatnenie preva\u017ene u \u0161tandardn\u00fdch gar\u00e1\u017e\u00ed, dvojgar\u00e1\u017eou alebo vjazdov do hromadn\u00fdch gar\u00e1\u017e\u00ed. Gar\u00e1\u017eov\u00e9 br\u00e1ny pod\u010diarknu jedine\u010dnos\u0165 dizajnu V\u00e1\u0161ho domu. Zo \u0161irokej ponuky dekorov, farieb, doplnkov a designov si vyberie aj ten najn\u00e1ro\u010dnej\u0161\u00ed z\u00e1kazn\u00edk.<\/p>\n<p>&nbsp;<\/p>\n<h3>Hlavn\u00e9 prednosti sek\u010dn\u00fdch br\u00e1n TRIDO:<\/h3>\n<ul>\n<li><strong>komfort ovl\u00e1dania<\/strong>\u00a0\u2013 torzn\u00e1 pru\u017eina vyva\u017euje hmotnos\u0165 br\u00e1ny<\/li>\n<li><strong>tuhos\u0165<\/strong>\u00a0\u2013 siln\u00e9 pozinkovan\u00e9 plechy s\u00fa spojen\u00e9 prelisovan\u00edm<a title=\"\" href=\"http:\/\/riplast.sk\/wp-content\/uploads\/2013\/11\/Standard.jpg\" data-rel=\"lightbox-gallery-PwTw\"><img loading=\"lazy\" decoding=\"async\" class=\"alignright wp-image-1152 size-thumbnail\" src=\"http:\/\/riplast.sk\/wp-content\/uploads\/2013\/11\/Standard-160x120.jpg\" alt=\"\" width=\"160\" height=\"120\" \/><\/a><\/li>\n<li><strong>TOX<\/strong>\u00a0\u2013 modern\u00fd sp\u00f4sob sp\u00e1jania plechov bez nitovanie alebo zv\u00e1ranie<\/li>\n<li><strong>podlahov\u00e9 tesnenie<\/strong>\u00a0\u2013 vysok\u00e1 \u017eivotnos\u0165 a pri\u013enavos\u0165 rozvetven\u00e9ho gumov\u00e9ho profilu<\/li>\n<li><strong>k\u013eu\u010dka<\/strong>\u00a0\u2013 pre otv\u00e1ranie br\u00e1ny bez pohonu<\/li>\n<li><strong>odblok<\/strong>\u00a0\u2013 pre n\u00fadzov\u00e9 otvorenie pri v\u00fdpadku pr\u00fadu<\/li>\n<li><strong>spo\u013eahlivos\u0165<\/strong>\u00a0\u2013 odoln\u00e1 nylonov\u00e1 lo\u017eiskov\u00e9 kolieska<\/li>\n<li><strong>flexibilita<\/strong>\u00a0\u2013 bo\u010dn\u00fd nastavite\u013en\u00fd p\u00e1nt<\/li>\n<li><strong>bo\u010dn\u00e9 tesnenie<\/strong>\u00a0\u2013 dokonale utesnia br\u00e1ny po celom obvode<\/li>\n<\/ul>\n<p>Spo\u013eahlivos\u0165, v\u00fdborn\u00e9 tepelno-izola\u010dn\u00e9 vlastnosti a d\u00f4raz na estetick\u00e9 rie\u0161enie. V\u010faka t\u00fdmto prednostiam gar\u00e1\u017eov\u00fdch br\u00e1n a priaznivej cene, pri najvy\u0161\u0161ej kvalite a nad\u0161tandardn\u00fdch z\u00e1ru\u010dn\u00fdch podmienkach, s\u00fa tieto br\u00e1ny ide\u00e1lnym rie\u0161en\u00edm pre ak\u00fdko\u013evek projekt.[\/vc_column_text][\/vc_column][\/vc_row][vc_row][vc_column]<style type=\"text\/css\" data-type=\"the7_shortcodes-inline-css\">.shortcode-single-image-wrap.shortcode-single-image-4a93bde5682518fc4fc4c77ae87a43f2.enable-bg-rollover .rollover i,\n.shortcode-single-image-wrap.shortcode-single-image-4a93bde5682518fc4fc4c77ae87a43f2.enable-bg-rollover .rollover-video i {\n  background: -webkit-linear-gradient();\n  background: linear-gradient();\n}\n.shortcode-single-image-wrap.shortcode-single-image-4a93bde5682518fc4fc4c77ae87a43f2 .rollover-icon {\n  font-size: 32px;\n  color: #ffffff;\n  min-width: 44px;\n  min-height: 44px;\n  line-height: 44px;\n  border-radius: 100px;\n  border-style: solid;\n  border-width: 0px;\n}\n.dt-icon-bg-on.shortcode-single-image-wrap.shortcode-single-image-4a93bde5682518fc4fc4c77ae87a43f2 .rollover-icon {\n  background: rgba(255,255,255,0.3);\n  box-shadow: none;\n}\n<\/style><div class=\"shortcode-single-image-wrap shortcode-single-image-4a93bde5682518fc4fc4c77ae87a43f2 alignnone  enable-bg-rollover dt-icon-bg-off\" style=\"margin-top:0px; margin-bottom:0px; margin-left:0px; margin-right:0px; width:500px;\"><div class=\"shortcode-single-image\"><div class=\"fancy-media-wrap  layzr-bg\" style=\"\"><img fetchpriority=\"high\" decoding=\"async\" class=\"preload-me lazy-load aspect\" src=\"data:image\/svg+xml,%3Csvg%20xmlns%3D&#39;http%3A%2F%2Fwww.w3.org%2F2000%2Fsvg&#39;%20viewBox%3D&#39;0%200%20400%20280&#39;%2F%3E\" data-src=\"https:\/\/riplast.sk\/wp-content\/uploads\/2019\/08\/SP_CZ.jpg\" data-srcset=\"https:\/\/riplast.sk\/wp-content\/uploads\/2019\/08\/SP_CZ.jpg 400w\" loading=\"eager\" sizes=\"(max-width: 400px) 100vw, 400px\" width=\"400\" height=\"280\"  data-dt-location=\"https:\/\/riplast.sk\/index.php\/produkty\/garazove-brany\/sp_cz\/\" style=\"--ratio: 400 \/ 280;\" alt=\"\" \/><\/div><\/div><\/div>[vc_column_text]<\/p>\n<table>\n<tbody>\n<tr>\n<td colspan=\"2\">\n<h3>MINIM\u00c1LNE ROZMERY:<\/h3>\n<\/td>\n<\/tr>\n<tr>\n<td><strong>OL<\/strong>\u00a0\u2013 ostenia \u013eavej\u00a0<strong>min. 100 mm<\/strong><\/td>\n<td><strong>S\u0160<\/strong>\u00a0\u2013 stavebn\u00e1 \u0161\u00edrka<\/td>\n<\/tr>\n<tr>\n<td><strong>OP<\/strong>\u00a0\u2013 ostenia pravej\u00a0<strong>min. 100 mm<\/strong><\/td>\n<td><strong>SV<\/strong>\u00a0\u2013 stavebn\u00e1 v\u00fd\u0161ka<\/td>\n<\/tr>\n<tr>\n<td><strong>VN<\/strong>\u00a0\u2013 v\u00fd\u0161ka nadpra\u017eia\u00a0<strong>min. 70 mm<\/strong><\/td>\n<td><\/td>\n<\/tr>\n<\/tbody>\n<\/table>\n<h3>PREDPOKLADY<\/h3>\n<ul>\n<li>hotov\u00fd za\u010disten\u00fd stavebn\u00fd otvor, popr. hotov\u00e1 nosn\u00e1 kon\u0161trukcia (zosilnenie obvodu otvoru)<\/li>\n<li>dokon\u010den\u00e1 rovn\u00e1 podlaha<\/li>\n<li>pr\u00edvod el. energie do z\u00e1suvky 230V, 50Hz, 6A<\/li>\n<li>rovinnos\u0165 stien a podlahy<\/li>\n<\/ul>\n<p>[\/vc_column_text][\/vc_column][\/vc_row][vc_row gap=&#8220;35&#8243;][vc_column]<style type=\"text\/css\" data-type=\"the7_shortcodes-inline-css\">.shortcode-single-image-wrap.shortcode-single-image-9027e55c36561a20c3e16729100e1e69.enable-bg-rollover .rollover i,\n.shortcode-single-image-wrap.shortcode-single-image-9027e55c36561a20c3e16729100e1e69.enable-bg-rollover .rollover-video i {\n  background: -webkit-linear-gradient();\n  background: linear-gradient();\n}\n.shortcode-single-image-wrap.shortcode-single-image-9027e55c36561a20c3e16729100e1e69 .rollover-icon {\n  font-size: 32px;\n  color: #ffffff;\n  min-width: 44px;\n  min-height: 44px;\n  line-height: 44px;\n  border-radius: 100px;\n  border-style: solid;\n  border-width: 0px;\n}\n.dt-icon-bg-on.shortcode-single-image-wrap.shortcode-single-image-9027e55c36561a20c3e16729100e1e69 .rollover-icon {\n  background: rgba(255,255,255,0.3);\n  box-shadow: none;\n}\n<\/style><div class=\"shortcode-single-image-wrap shortcode-single-image-9027e55c36561a20c3e16729100e1e69 alignnone  enable-bg-rollover dt-icon-bg-off\" style=\"margin-top:0px; margin-bottom:0px; margin-left:0px; margin-right:0px; width:500px;\"><div class=\"shortcode-single-image\"><div class=\"fancy-media-wrap  layzr-bg\" style=\"\"><img decoding=\"async\" class=\"preload-me lazy-load aspect\" src=\"data:image\/svg+xml,%3Csvg%20xmlns%3D&#39;http%3A%2F%2Fwww.w3.org%2F2000%2Fsvg&#39;%20viewBox%3D&#39;0%200%20500%2099&#39;%2F%3E\" data-src=\"https:\/\/riplast.sk\/wp-content\/uploads\/2019\/08\/trido_small-500x99.jpg\" data-srcset=\"https:\/\/riplast.sk\/wp-content\/uploads\/2019\/08\/trido_small-500x99.jpg 500w, https:\/\/riplast.sk\/wp-content\/uploads\/2019\/08\/trido_small.jpg 738w\" loading=\"eager\" sizes=\"(max-width: 500px) 100vw, 500px\" width=\"500\" height=\"99\"  data-dt-location=\"https:\/\/riplast.sk\/index.php\/produkty\/garazove-brany\/trido_small\/\" style=\"--ratio: 500 \/ 99;\" alt=\"\" \/><\/div><\/div><\/div>[\/vc_column][\/vc_row]<\/p>\n<\/div>","protected":false},"excerpt":{"rendered":"<p>[vc_row][vc_column][vc_column_text]Sek\u010dn\u00e9 gar\u00e1\u017eov\u00e9 br\u00e1ny n\u00e1jdu svoje uplatnenie preva\u017ene u \u0161tandardn\u00fdch gar\u00e1\u017e\u00ed, dvojgar\u00e1\u017eou alebo vjazdov do hromadn\u00fdch gar\u00e1\u017e\u00ed. Gar\u00e1\u017eov\u00e9 br\u00e1ny pod\u010diarknu jedine\u010dnos\u0165 dizajnu V\u00e1\u0161ho domu. Zo \u0161irokej ponuky dekorov, farieb, doplnkov a designov si vyberie aj ten najn\u00e1ro\u010dnej\u0161\u00ed z\u00e1kazn\u00edk. &nbsp; Hlavn\u00e9 prednosti sek\u010dn\u00fdch br\u00e1n TRIDO: komfort ovl\u00e1dania\u00a0\u2013 torzn\u00e1 pru\u017eina vyva\u017euje hmotnos\u0165 br\u00e1ny tuhos\u0165\u00a0\u2013 siln\u00e9 pozinkovan\u00e9 plechy s\u00fa&hellip;<\/p>\n","protected":false},"author":1,"featured_media":0,"parent":1594,"menu_order":6,"comment_status":"closed","ping_status":"closed","template":"","meta":{"footnotes":""},"class_list":["post-2128","page","type-page","status-publish","hentry","description-off"],"yoast_head":"<!-- This site is optimized with the Yoast SEO plugin v23.5 - https:\/\/yoast.com\/wordpress\/plugins\/seo\/ -->\n<title>Gar\u00e1\u017eov\u00e9 br\u00e1ny - riplast.sk<\/title>\n<meta name=\"robots\" content=\"index, follow, max-snippet:-1, max-image-preview:large, max-video-preview:-1\" \/>\n<link rel=\"canonical\" href=\"https:\/\/riplast.sk\/index.php\/produkty\/garazove-brany\/\" \/>\n<meta property=\"og:locale\" content=\"sk_SK\" \/>\n<meta property=\"og:type\" content=\"article\" \/>\n<meta property=\"og:title\" content=\"Gar\u00e1\u017eov\u00e9 br\u00e1ny - riplast.sk\" \/>\n<meta property=\"og:description\" content=\"[vc_row][vc_column][vc_column_text]Sek\u010dn\u00e9 gar\u00e1\u017eov\u00e9 br\u00e1ny n\u00e1jdu svoje uplatnenie preva\u017ene u \u0161tandardn\u00fdch gar\u00e1\u017e\u00ed, dvojgar\u00e1\u017eou alebo vjazdov do hromadn\u00fdch gar\u00e1\u017e\u00ed. Gar\u00e1\u017eov\u00e9 br\u00e1ny pod\u010diarknu jedine\u010dnos\u0165 dizajnu V\u00e1\u0161ho domu. Zo \u0161irokej ponuky dekorov, farieb, doplnkov a designov si vyberie aj ten najn\u00e1ro\u010dnej\u0161\u00ed z\u00e1kazn\u00edk. &nbsp; Hlavn\u00e9 prednosti sek\u010dn\u00fdch br\u00e1n TRIDO: komfort ovl\u00e1dania\u00a0\u2013 torzn\u00e1 pru\u017eina vyva\u017euje hmotnos\u0165 br\u00e1ny tuhos\u0165\u00a0\u2013 siln\u00e9 pozinkovan\u00e9 plechy s\u00fa&hellip;\" \/>\n<meta property=\"og:url\" content=\"https:\/\/riplast.sk\/index.php\/produkty\/garazove-brany\/\" \/>\n<meta property=\"og:site_name\" content=\"riplast.sk\" \/>\n<meta property=\"article:modified_time\" content=\"2019-08-26T09:57:49+00:00\" \/>\n<meta property=\"og:image\" content=\"http:\/\/riplast.sk\/wp-content\/uploads\/2013\/11\/Standard-160x120.jpg\" \/>\n<meta name=\"twitter:card\" content=\"summary_large_image\" \/>\n<meta name=\"twitter:label1\" content=\"Predpokladan\u00fd \u010das \u010d\u00edtania\" \/>\n\t<meta name=\"twitter:data1\" content=\"2 min\u00faty\" \/>\n<script type=\"application\/ld+json\" class=\"yoast-schema-graph\">{\"@context\":\"https:\/\/schema.org\",\"@graph\":[{\"@type\":\"WebPage\",\"@id\":\"https:\/\/riplast.sk\/index.php\/produkty\/garazove-brany\/\",\"url\":\"https:\/\/riplast.sk\/index.php\/produkty\/garazove-brany\/\",\"name\":\"Gar\u00e1\u017eov\u00e9 br\u00e1ny - riplast.sk\",\"isPartOf\":{\"@id\":\"https:\/\/riplast.sk\/#website\"},\"primaryImageOfPage\":{\"@id\":\"https:\/\/riplast.sk\/index.php\/produkty\/garazove-brany\/#primaryimage\"},\"image\":{\"@id\":\"https:\/\/riplast.sk\/index.php\/produkty\/garazove-brany\/#primaryimage\"},\"thumbnailUrl\":\"http:\/\/riplast.sk\/wp-content\/uploads\/2013\/11\/Standard-160x120.jpg\",\"datePublished\":\"2019-08-26T09:56:38+00:00\",\"dateModified\":\"2019-08-26T09:57:49+00:00\",\"breadcrumb\":{\"@id\":\"https:\/\/riplast.sk\/index.php\/produkty\/garazove-brany\/#breadcrumb\"},\"inLanguage\":\"sk-SK\",\"potentialAction\":[{\"@type\":\"ReadAction\",\"target\":[\"https:\/\/riplast.sk\/index.php\/produkty\/garazove-brany\/\"]}]},{\"@type\":\"ImageObject\",\"inLanguage\":\"sk-SK\",\"@id\":\"https:\/\/riplast.sk\/index.php\/produkty\/garazove-brany\/#primaryimage\",\"url\":\"\",\"contentUrl\":\"\"},{\"@type\":\"BreadcrumbList\",\"@id\":\"https:\/\/riplast.sk\/index.php\/produkty\/garazove-brany\/#breadcrumb\",\"itemListElement\":[{\"@type\":\"ListItem\",\"position\":1,\"name\":\"Home\",\"item\":\"https:\/\/riplast.sk\/\"},{\"@type\":\"ListItem\",\"position\":2,\"name\":\"Produkty\",\"item\":\"https:\/\/riplast.sk\/index.php\/produkty\/\"},{\"@type\":\"ListItem\",\"position\":3,\"name\":\"Gar\u00e1\u017eov\u00e9 br\u00e1ny\"}]},{\"@type\":\"WebSite\",\"@id\":\"https:\/\/riplast.sk\/#website\",\"url\":\"https:\/\/riplast.sk\/\",\"name\":\"riplast.sk\",\"description\":\"Okn\u00e1 a vchodov\u00e9 dvere\",\"potentialAction\":[{\"@type\":\"SearchAction\",\"target\":{\"@type\":\"EntryPoint\",\"urlTemplate\":\"https:\/\/riplast.sk\/?s={search_term_string}\"},\"query-input\":{\"@type\":\"PropertyValueSpecification\",\"valueRequired\":true,\"valueName\":\"search_term_string\"}}],\"inLanguage\":\"sk-SK\"}]}<\/script>\n<!-- \/ Yoast SEO plugin. -->","yoast_head_json":{"title":"Gar\u00e1\u017eov\u00e9 br\u00e1ny - riplast.sk","robots":{"index":"index","follow":"follow","max-snippet":"max-snippet:-1","max-image-preview":"max-image-preview:large","max-video-preview":"max-video-preview:-1"},"canonical":"https:\/\/riplast.sk\/index.php\/produkty\/garazove-brany\/","og_locale":"sk_SK","og_type":"article","og_title":"Gar\u00e1\u017eov\u00e9 br\u00e1ny - riplast.sk","og_description":"[vc_row][vc_column][vc_column_text]Sek\u010dn\u00e9 gar\u00e1\u017eov\u00e9 br\u00e1ny n\u00e1jdu svoje uplatnenie preva\u017ene u \u0161tandardn\u00fdch gar\u00e1\u017e\u00ed, dvojgar\u00e1\u017eou alebo vjazdov do hromadn\u00fdch gar\u00e1\u017e\u00ed. Gar\u00e1\u017eov\u00e9 br\u00e1ny pod\u010diarknu jedine\u010dnos\u0165 dizajnu V\u00e1\u0161ho domu. Zo \u0161irokej ponuky dekorov, farieb, doplnkov a designov si vyberie aj ten najn\u00e1ro\u010dnej\u0161\u00ed z\u00e1kazn\u00edk. &nbsp; Hlavn\u00e9 prednosti sek\u010dn\u00fdch br\u00e1n TRIDO: komfort ovl\u00e1dania\u00a0\u2013 torzn\u00e1 pru\u017eina vyva\u017euje hmotnos\u0165 br\u00e1ny tuhos\u0165\u00a0\u2013 siln\u00e9 pozinkovan\u00e9 plechy s\u00fa&hellip;","og_url":"https:\/\/riplast.sk\/index.php\/produkty\/garazove-brany\/","og_site_name":"riplast.sk","article_modified_time":"2019-08-26T09:57:49+00:00","og_image":[{"url":"http:\/\/riplast.sk\/wp-content\/uploads\/2013\/11\/Standard-160x120.jpg"}],"twitter_card":"summary_large_image","twitter_misc":{"Predpokladan\u00fd \u010das \u010d\u00edtania":"2 min\u00faty"},"schema":{"@context":"https:\/\/schema.org","@graph":[{"@type":"WebPage","@id":"https:\/\/riplast.sk\/index.php\/produkty\/garazove-brany\/","url":"https:\/\/riplast.sk\/index.php\/produkty\/garazove-brany\/","name":"Gar\u00e1\u017eov\u00e9 br\u00e1ny - riplast.sk","isPartOf":{"@id":"https:\/\/riplast.sk\/#website"},"primaryImageOfPage":{"@id":"https:\/\/riplast.sk\/index.php\/produkty\/garazove-brany\/#primaryimage"},"image":{"@id":"https:\/\/riplast.sk\/index.php\/produkty\/garazove-brany\/#primaryimage"},"thumbnailUrl":"http:\/\/riplast.sk\/wp-content\/uploads\/2013\/11\/Standard-160x120.jpg","datePublished":"2019-08-26T09:56:38+00:00","dateModified":"2019-08-26T09:57:49+00:00","breadcrumb":{"@id":"https:\/\/riplast.sk\/index.php\/produkty\/garazove-brany\/#breadcrumb"},"inLanguage":"sk-SK","potentialAction":[{"@type":"ReadAction","target":["https:\/\/riplast.sk\/index.php\/produkty\/garazove-brany\/"]}]},{"@type":"ImageObject","inLanguage":"sk-SK","@id":"https:\/\/riplast.sk\/index.php\/produkty\/garazove-brany\/#primaryimage","url":"","contentUrl":""},{"@type":"BreadcrumbList","@id":"https:\/\/riplast.sk\/index.php\/produkty\/garazove-brany\/#breadcrumb","itemListElement":[{"@type":"ListItem","position":1,"name":"Home","item":"https:\/\/riplast.sk\/"},{"@type":"ListItem","position":2,"name":"Produkty","item":"https:\/\/riplast.sk\/index.php\/produkty\/"},{"@type":"ListItem","position":3,"name":"Gar\u00e1\u017eov\u00e9 br\u00e1ny"}]},{"@type":"WebSite","@id":"https:\/\/riplast.sk\/#website","url":"https:\/\/riplast.sk\/","name":"riplast.sk","description":"Okn\u00e1 a vchodov\u00e9 dvere","potentialAction":[{"@type":"SearchAction","target":{"@type":"EntryPoint","urlTemplate":"https:\/\/riplast.sk\/?s={search_term_string}"},"query-input":{"@type":"PropertyValueSpecification","valueRequired":true,"valueName":"search_term_string"}}],"inLanguage":"sk-SK"}]}},"_links":{"self":[{"href":"https:\/\/riplast.sk\/index.php\/wp-json\/wp\/v2\/pages\/2128"}],"collection":[{"href":"https:\/\/riplast.sk\/index.php\/wp-json\/wp\/v2\/pages"}],"about":[{"href":"https:\/\/riplast.sk\/index.php\/wp-json\/wp\/v2\/types\/page"}],"author":[{"embeddable":true,"href":"https:\/\/riplast.sk\/index.php\/wp-json\/wp\/v2\/users\/1"}],"replies":[{"embeddable":true,"href":"https:\/\/riplast.sk\/index.php\/wp-json\/wp\/v2\/comments?post=2128"}],"version-history":[{"count":2,"href":"https:\/\/riplast.sk\/index.php\/wp-json\/wp\/v2\/pages\/2128\/revisions"}],"predecessor-version":[{"id":2133,"href":"https:\/\/riplast.sk\/index.php\/wp-json\/wp\/v2\/pages\/2128\/revisions\/2133"}],"up":[{"embeddable":true,"href":"https:\/\/riplast.sk\/index.php\/wp-json\/wp\/v2\/pages\/1594"}],"wp:attachment":[{"href":"https:\/\/riplast.sk\/index.php\/wp-json\/wp\/v2\/media?parent=2128"}],"curies":[{"name":"wp","href":"https:\/\/api.w.org\/{rel}","templated":true}]}}