{"id":2097,"date":"2019-08-20T11:59:10","date_gmt":"2019-08-20T09:59:10","guid":{"rendered":"http:\/\/riplast.sk\/?page_id=2097"},"modified":"2023-04-27T13:25:16","modified_gmt":"2023-04-27T11:25:16","slug":"martin","status":"publish","type":"page","link":"https:\/\/riplast.sk\/index.php\/kontakt\/martin\/","title":{"rendered":"Martin"},"content":{"rendered":"<div class=\"wpb-content-wrapper\"><p>[vc_row][vc_column]<div id=\"ultimate-heading-80806a031b17ba4ee\" class=\"uvc-heading ult-adjust-bottom-margin ultimate-heading-80806a031b17ba4ee uvc-1191 \" data-hspacer=\"no_spacer\"  data-halign=\"center\" style=\"text-align:center\"><div class=\"uvc-heading-spacer no_spacer\" style=\"top\"><\/div><div class=\"uvc-main-heading ult-responsive\"  data-ultimate-target='.uvc-heading.ultimate-heading-80806a031b17ba4ee h2'  data-responsive-json-new='{\"font-size\":\"desktop:26px;\",\"line-height\":\"desktop:32px;\"}' ><h2 style=\"font-weight:bold;\">Martin<\/h2><\/div><\/div>[\/vc_column][\/vc_row][vc_row gap=&#8220;25&#8243;][vc_column width=&#8220;1\/2&#8243;]<div class=\"aio-icon-component    style_1\"><div id=\"Info-box-wrap-8498\" class=\"aio-icon-box default-icon\" style=\"\"  ><div class=\"aio-icon-default\"><div class=\"ult-just-icon-wrapper  \"><div class=\"align-icon\" style=\"text-align:center;\">\n<div class=\"aio-icon none \"  style=\"color:#dd3333;font-size:32px;display:inline-block;\">\n\t<i class=\"Defaults-map-marker\"><\/i>\n<\/div><\/div><\/div><\/div><div class=\"aio-icon-header\" ><h3 class=\"aio-icon-title ult-responsive\"  data-ultimate-target='#Info-box-wrap-8498 .aio-icon-title'  data-responsive-json-new='{\"font-size\":\"\",\"line-height\":\"\"}'  style=\"\">RIPLAST S.R.O. - KOLL\u00c1ROVA 73 , MARTIN 036 01 ( BUDOVA RENT, VED\u013dA KPK \u017dERIAVY )<\/h3><\/div> <!-- header --><\/div> <!-- aio-icon-box --><\/div> <!-- aio-icon-component --><div class=\"aio-icon-component    style_1\"><div id=\"Info-box-wrap-9541\" class=\"aio-icon-box default-icon\" style=\"\"  ><div class=\"aio-icon-default\"><div class=\"ult-just-icon-wrapper  \"><div class=\"align-icon\" style=\"text-align:center;\">\n<div class=\"aio-icon none \"  style=\"color:#dd3333;font-size:32px;display:inline-block;\">\n\t<i class=\"Defaults-phone\"><\/i>\n<\/div><\/div><\/div><\/div><div class=\"aio-icon-header\" ><h3 class=\"aio-icon-title ult-responsive\"  data-ultimate-target='#Info-box-wrap-9541 .aio-icon-title'  data-responsive-json-new='{\"font-size\":\"\",\"line-height\":\"\"}'  style=\"\">+421 918 64 93 84 \/-\/ 043 \u2013 4220 666 \/-\/ +421 918 53 08 69<\/h3><\/div> <!-- header --><\/div> <!-- aio-icon-box --><\/div> <!-- aio-icon-component --><div class=\"aio-icon-component    style_1\"><div id=\"Info-box-wrap-5829\" class=\"aio-icon-box default-icon\" style=\"\"  ><div class=\"aio-icon-default\"><div class=\"ult-just-icon-wrapper  \"><div class=\"align-icon\" style=\"text-align:center;\">\n<div class=\"aio-icon none \"  style=\"color:#dd3333;font-size:32px;display:inline-block;\">\n\t<i class=\"Defaults-envelope-o\"><\/i>\n<\/div><\/div><\/div><\/div><div class=\"aio-icon-header\" ><h3 class=\"aio-icon-title ult-responsive\"  data-ultimate-target='#Info-box-wrap-5829 .aio-icon-title'  data-responsive-json-new='{\"font-size\":\"\",\"line-height\":\"\"}'  style=\"\">martin@riplast.sk<\/h3><\/div> <!-- header --><\/div> <!-- aio-icon-box --><\/div> <!-- aio-icon-component --><div class=\"aio-icon-component    style_1\"><div id=\"Info-box-wrap-7663\" class=\"aio-icon-box default-icon\" style=\"\"  ><div class=\"aio-icon-default\"><div class=\"ult-just-icon-wrapper  \"><div class=\"align-icon\" style=\"text-align:center;\">\n<div class=\"aio-icon none \"  style=\"color:#dd3333;font-size:32px;display:inline-block;\">\n\t<i class=\"Defaults-bell-o\"><\/i>\n<\/div><\/div><\/div><\/div><div class=\"aio-icon-header\" ><h3 class=\"aio-icon-title ult-responsive\"  data-ultimate-target='#Info-box-wrap-7663 .aio-icon-title'  data-responsive-json-new='{\"font-size\":\"\",\"line-height\":\"\"}'  style=\"\">PO \u2013 \u0160TVRTOK: 8:30 \u2013 16.30 hod. PIA - 9.00 - 14.00 hod.<\/h3><\/div> <!-- header --><\/div> <!-- aio-icon-box --><\/div> <!-- aio-icon-component -->[\/vc_column][vc_column width=&#8220;1\/2&#8243;]<style type=\"text\/css\" data-type=\"the7_shortcodes-inline-css\">.gallery-shortcode.gallery-masonry-shortcode-id-c9d55b3ed4f2ef6a62acda779f90b02d figure,\n.gallery-shortcode.gallery-masonry-shortcode-id-c9d55b3ed4f2ef6a62acda779f90b02d .rollover,\n.gallery-shortcode.gallery-masonry-shortcode-id-c9d55b3ed4f2ef6a62acda779f90b02d img,\n.gallery-shortcode.gallery-masonry-shortcode-id-c9d55b3ed4f2ef6a62acda779f90b02d .gallery-rollover {\n  border-radius: 0px;\n}\n.gallery-shortcode.gallery-masonry-shortcode-id-c9d55b3ed4f2ef6a62acda779f90b02d.enable-bg-rollover .gallery-rollover {\n  background: -webkit-linear-gradient();\n  background: linear-gradient();\n}\n.gallery-shortcode.gallery-masonry-shortcode-id-c9d55b3ed4f2ef6a62acda779f90b02d.enable-bg-rollover.hover-scale figure .rollover:after {\n  background: -webkit-linear-gradient();\n  background: linear-gradient();\n}\n.gallery-shortcode.gallery-masonry-shortcode-id-c9d55b3ed4f2ef6a62acda779f90b02d .gallery-zoom-ico {\n  width: 44px;\n  height: 44px;\n  line-height: 44px;\n  border-radius: 100px;\n  margin: -22px 0 0 -22px;\n  border-width: 0px;\n  color: #ffffff;\n}\n.dt-icon-bg-on.gallery-shortcode.gallery-masonry-shortcode-id-c9d55b3ed4f2ef6a62acda779f90b02d .gallery-zoom-ico {\n  background: rgba(255,255,255,0.3);\n  box-shadow: none;\n}\n.gallery-shortcode.gallery-masonry-shortcode-id-c9d55b3ed4f2ef6a62acda779f90b02d .gallery-zoom-ico:before,\n.gallery-shortcode.gallery-masonry-shortcode-id-c9d55b3ed4f2ef6a62acda779f90b02d .gallery-zoom-ico span {\n  font-size: 32px;\n  line-height: 44px;\n  color: #ffffff;\n}\n.gallery-shortcode.gallery-masonry-shortcode-id-c9d55b3ed4f2ef6a62acda779f90b02d:not(.resize-by-browser-width) .dt-css-grid {\n  grid-row-gap: 10px;\n  grid-column-gap: 10px;\n  grid-template-columns: repeat(auto-fill,minmax(,1fr));\n}\n.gallery-shortcode.gallery-masonry-shortcode-id-c9d55b3ed4f2ef6a62acda779f90b02d:not(.resize-by-browser-width) .dt-css-grid .double-width {\n  grid-column: span 2;\n}\n.cssgridlegacy.no-cssgrid .gallery-shortcode.gallery-masonry-shortcode-id-c9d55b3ed4f2ef6a62acda779f90b02d:not(.resize-by-browser-width) .dt-css-grid,\n.no-cssgridlegacy.no-cssgrid .gallery-shortcode.gallery-masonry-shortcode-id-c9d55b3ed4f2ef6a62acda779f90b02d:not(.resize-by-browser-width) .dt-css-grid {\n  display: flex;\n  flex-flow: row wrap;\n  margin: -5px;\n}\n.cssgridlegacy.no-cssgrid .gallery-shortcode.gallery-masonry-shortcode-id-c9d55b3ed4f2ef6a62acda779f90b02d:not(.resize-by-browser-width) .dt-css-grid .wf-cell,\n.no-cssgridlegacy.no-cssgrid .gallery-shortcode.gallery-masonry-shortcode-id-c9d55b3ed4f2ef6a62acda779f90b02d:not(.resize-by-browser-width) .dt-css-grid .wf-cell {\n  flex: 1 0 ;\n  max-width: 100%;\n  padding: 5px;\n  box-sizing: border-box;\n}\n.gallery-shortcode.gallery-masonry-shortcode-id-c9d55b3ed4f2ef6a62acda779f90b02d.resize-by-browser-width .dt-css-grid {\n  grid-template-columns: repeat(2,1fr);\n  grid-template-rows: auto;\n  grid-column-gap: 10px;\n  grid-row-gap: 10px;\n}\n.gallery-shortcode.gallery-masonry-shortcode-id-c9d55b3ed4f2ef6a62acda779f90b02d.resize-by-browser-width .dt-css-grid .double-width {\n  grid-column: span 2;\n}\n.cssgridlegacy.no-cssgrid .gallery-shortcode.gallery-masonry-shortcode-id-c9d55b3ed4f2ef6a62acda779f90b02d.resize-by-browser-width .dt-css-grid {\n  margin: -5px;\n}\n.cssgridlegacy.no-cssgrid .gallery-shortcode.gallery-masonry-shortcode-id-c9d55b3ed4f2ef6a62acda779f90b02d.resize-by-browser-width .dt-css-grid .wf-cell {\n  width: 50%;\n  padding: 5px;\n}\n.cssgridlegacy.no-cssgrid .gallery-shortcode.gallery-masonry-shortcode-id-c9d55b3ed4f2ef6a62acda779f90b02d.resize-by-browser-width .dt-css-grid .wf-cell.double-width {\n  width: calc(50%) * 2;\n}\n.gallery-shortcode.gallery-masonry-shortcode-id-c9d55b3ed4f2ef6a62acda779f90b02d.resize-by-browser-width:not(.centered-layout-list):not(.content-bg-on) .dt-css-grid {\n  grid-row-gap: 10px - ;\n}\n@media screen and (max-width: 1199px) {\n  .gallery-shortcode.gallery-masonry-shortcode-id-c9d55b3ed4f2ef6a62acda779f90b02d.resize-by-browser-width .dt-css-grid {\n    grid-template-columns: repeat(2,1fr);\n  }\n  .cssgridlegacy.no-cssgrid .gallery-shortcode.gallery-masonry-shortcode-id-c9d55b3ed4f2ef6a62acda779f90b02d.resize-by-browser-width .dt-css-grid .wf-cell,\n  .no-cssgridlegacy.no-cssgrid .gallery-shortcode.gallery-masonry-shortcode-id-c9d55b3ed4f2ef6a62acda779f90b02d.resize-by-browser-width .dt-css-grid .wf-cell {\n    width: 50%;\n  }\n  .cssgridlegacy.no-cssgrid .gallery-shortcode.gallery-masonry-shortcode-id-c9d55b3ed4f2ef6a62acda779f90b02d.resize-by-browser-width .dt-css-grid .wf-cell.double-width,\n  .no-cssgridlegacy.no-cssgrid .gallery-shortcode.gallery-masonry-shortcode-id-c9d55b3ed4f2ef6a62acda779f90b02d.resize-by-browser-width .dt-css-grid .wf-cell.double-width {\n    width: calc(50%)*2;\n  }\n}\n@media screen and (max-width: 991px) {\n  .gallery-shortcode.gallery-masonry-shortcode-id-c9d55b3ed4f2ef6a62acda779f90b02d.resize-by-browser-width .dt-css-grid {\n    grid-template-columns: repeat(2,1fr);\n  }\n  .cssgridlegacy.no-cssgrid .gallery-shortcode.gallery-masonry-shortcode-id-c9d55b3ed4f2ef6a62acda779f90b02d.resize-by-browser-width .dt-css-grid .wf-cell,\n  .no-cssgridlegacy.no-cssgrid .gallery-shortcode.gallery-masonry-shortcode-id-c9d55b3ed4f2ef6a62acda779f90b02d.resize-by-browser-width .dt-css-grid .wf-cell {\n    width: 50%;\n  }\n  .cssgridlegacy.no-cssgrid .gallery-shortcode.gallery-masonry-shortcode-id-c9d55b3ed4f2ef6a62acda779f90b02d.resize-by-browser-width .dt-css-grid .wf-cell.double-width,\n  .no-cssgridlegacy.no-cssgrid .gallery-shortcode.gallery-masonry-shortcode-id-c9d55b3ed4f2ef6a62acda779f90b02d.resize-by-browser-width .dt-css-grid .wf-cell.double-width {\n    width: calc(50%)*2;\n  }\n}\n@media screen and (max-width: 767px) {\n  .gallery-shortcode.gallery-masonry-shortcode-id-c9d55b3ed4f2ef6a62acda779f90b02d.resize-by-browser-width .dt-css-grid {\n    grid-template-columns: repeat(2,1fr);\n  }\n  .cssgridlegacy.no-cssgrid .gallery-shortcode.gallery-masonry-shortcode-id-c9d55b3ed4f2ef6a62acda779f90b02d.resize-by-browser-width .dt-css-grid .wf-cell,\n  .no-cssgridlegacy.no-cssgrid .gallery-shortcode.gallery-masonry-shortcode-id-c9d55b3ed4f2ef6a62acda779f90b02d.resize-by-browser-width .dt-css-grid .wf-cell {\n    width: 50%;\n  }\n  .cssgridlegacy.no-cssgrid .gallery-shortcode.gallery-masonry-shortcode-id-c9d55b3ed4f2ef6a62acda779f90b02d.resize-by-browser-width .dt-css-grid .wf-cell.double-width,\n  .no-cssgridlegacy.no-cssgrid .gallery-shortcode.gallery-masonry-shortcode-id-c9d55b3ed4f2ef6a62acda779f90b02d.resize-by-browser-width .dt-css-grid .wf-cell.double-width {\n    width: calc(50%)*2;\n  }\n}\n<\/style><div class=\"gallery-shortcode dt-gallery-container gallery-masonry-shortcode-id-c9d55b3ed4f2ef6a62acda779f90b02d mode-grid jquery-filter dt-icon-bg-off quick-scale-img dt-css-grid-wrap enable-bg-rollover resize-by-browser-width  hover-fade loading-effect-none description-on-hover\" data-padding=\"5px\" data-cur-page=\"1\" data-post-limit=\"-1\" data-pagination-mode=\"none\" data-desktop-columns-num=\"2\" data-v-tablet-columns-num=\"2\" data-h-tablet-columns-num=\"2\" data-phone-columns-num=\"2\" data-width=\"0px\" data-columns=\"0\"><div class=\"dt-css-grid\" ><div class=\"wf-cell\" data-post-id=\"2155\" data-date=\"2019-08-27T11:16:16+02:00\" data-name=\"DSC_0125\"><figure class=\"post visible\"><a href=\"https:\/\/riplast.sk\/wp-content\/uploads\/2019\/08\/DSC_0125-scaled.jpg\" class=\"rollover dt-pswp-item layzr-bg\" data-large_image_width=\"2560\" data-large_image_height=\"1440\" data-dt-img-description=\"\" title=\"DSC_0125\"><img fetchpriority=\"high\" decoding=\"async\" class=\"preload-me iso-lazy-load aspect\" src=\"data:image\/svg+xml,%3Csvg%20xmlns%3D&#39;http%3A%2F%2Fwww.w3.org%2F2000%2Fsvg&#39;%20viewBox%3D&#39;0%200%20490%20276&#39;%2F%3E\" data-src=\"https:\/\/riplast.sk\/wp-content\/uploads\/2019\/08\/DSC_0125-scaled-490x276.jpg\" data-srcset=\"https:\/\/riplast.sk\/wp-content\/uploads\/2019\/08\/DSC_0125-scaled-490x276.jpg 490w, https:\/\/riplast.sk\/wp-content\/uploads\/2019\/08\/DSC_0125-scaled-735x414.jpg 735w\" loading=\"eager\" style=\"--ratio: 490 \/ 276\" sizes=\"(max-width: 490px) 100vw, 490px\" alt=\"\" width=\"490\" height=\"276\"  \/><span class=\"gallery-rollover\"><span class=\"gallery-zoom-ico icomoon-the7-font-the7-zoom-06\"><span><\/span><\/span><\/span><\/a><\/figure><\/div><div class=\"wf-cell\" data-post-id=\"2156\" data-date=\"2019-08-27T11:16:30+02:00\" data-name=\"DSC_0128\"><figure class=\"post visible\"><a href=\"https:\/\/riplast.sk\/wp-content\/uploads\/2019\/08\/DSC_0128-scaled.jpg\" class=\"rollover dt-pswp-item layzr-bg\" data-large_image_width=\"2560\" data-large_image_height=\"1440\" data-dt-img-description=\"\" title=\"DSC_0128\"><img decoding=\"async\" class=\"preload-me iso-lazy-load aspect\" src=\"data:image\/svg+xml,%3Csvg%20xmlns%3D&#39;http%3A%2F%2Fwww.w3.org%2F2000%2Fsvg&#39;%20viewBox%3D&#39;0%200%20490%20276&#39;%2F%3E\" data-src=\"https:\/\/riplast.sk\/wp-content\/uploads\/2019\/08\/DSC_0128-scaled-490x276.jpg\" data-srcset=\"https:\/\/riplast.sk\/wp-content\/uploads\/2019\/08\/DSC_0128-scaled-490x276.jpg 490w, https:\/\/riplast.sk\/wp-content\/uploads\/2019\/08\/DSC_0128-scaled-735x414.jpg 735w\" loading=\"eager\" style=\"--ratio: 490 \/ 276\" sizes=\"(max-width: 490px) 100vw, 490px\" alt=\"\" width=\"490\" height=\"276\"  \/><span class=\"gallery-rollover\"><span class=\"gallery-zoom-ico icomoon-the7-font-the7-zoom-06\"><span><\/span><\/span><\/span><\/a><\/figure><\/div><div class=\"wf-cell\" data-post-id=\"2157\" data-date=\"2019-08-27T11:16:44+02:00\" data-name=\"DSC_0134\"><figure class=\"post visible\"><a href=\"https:\/\/riplast.sk\/wp-content\/uploads\/2019\/08\/DSC_0134-scaled.jpg\" class=\"rollover dt-pswp-item layzr-bg\" data-large_image_width=\"2560\" data-large_image_height=\"1440\" data-dt-img-description=\"\" title=\"DSC_0134\"><img decoding=\"async\" class=\"preload-me iso-lazy-load aspect\" src=\"data:image\/svg+xml,%3Csvg%20xmlns%3D&#39;http%3A%2F%2Fwww.w3.org%2F2000%2Fsvg&#39;%20viewBox%3D&#39;0%200%20490%20276&#39;%2F%3E\" data-src=\"https:\/\/riplast.sk\/wp-content\/uploads\/2019\/08\/DSC_0134-scaled-490x276.jpg\" data-srcset=\"https:\/\/riplast.sk\/wp-content\/uploads\/2019\/08\/DSC_0134-scaled-490x276.jpg 490w, https:\/\/riplast.sk\/wp-content\/uploads\/2019\/08\/DSC_0134-scaled-735x414.jpg 735w\" loading=\"eager\" style=\"--ratio: 490 \/ 276\" sizes=\"(max-width: 490px) 100vw, 490px\" alt=\"\" width=\"490\" height=\"276\"  \/><span class=\"gallery-rollover\"><span class=\"gallery-zoom-ico icomoon-the7-font-the7-zoom-06\"><span><\/span><\/span><\/span><\/a><\/figure><\/div><div class=\"wf-cell\" data-post-id=\"2158\" data-date=\"2019-08-27T11:16:52+02:00\" data-name=\"DSC_0135\"><figure class=\"post visible\"><a href=\"https:\/\/riplast.sk\/wp-content\/uploads\/2019\/08\/DSC_0135-scaled.jpg\" class=\"rollover dt-pswp-item layzr-bg\" data-large_image_width=\"2560\" data-large_image_height=\"1440\" data-dt-img-description=\"\" title=\"DSC_0135\"><img decoding=\"async\" class=\"preload-me iso-lazy-load aspect\" src=\"data:image\/svg+xml,%3Csvg%20xmlns%3D&#39;http%3A%2F%2Fwww.w3.org%2F2000%2Fsvg&#39;%20viewBox%3D&#39;0%200%20490%20276&#39;%2F%3E\" data-src=\"https:\/\/riplast.sk\/wp-content\/uploads\/2019\/08\/DSC_0135-scaled-490x276.jpg\" data-srcset=\"https:\/\/riplast.sk\/wp-content\/uploads\/2019\/08\/DSC_0135-scaled-490x276.jpg 490w, https:\/\/riplast.sk\/wp-content\/uploads\/2019\/08\/DSC_0135-scaled-735x414.jpg 735w\" loading=\"eager\" style=\"--ratio: 490 \/ 276\" sizes=\"(max-width: 490px) 100vw, 490px\" alt=\"\" width=\"490\" height=\"276\"  \/><span class=\"gallery-rollover\"><span class=\"gallery-zoom-ico icomoon-the7-font-the7-zoom-06\"><span><\/span><\/span><\/span><\/a><\/figure><\/div><div class=\"wf-cell\" data-post-id=\"2159\" data-date=\"2019-08-27T11:17:04+02:00\" data-name=\"DSC_0137\"><figure class=\"post visible\"><a href=\"https:\/\/riplast.sk\/wp-content\/uploads\/2019\/08\/DSC_0137-scaled.jpg\" class=\"rollover dt-pswp-item layzr-bg\" data-large_image_width=\"2560\" data-large_image_height=\"1440\" data-dt-img-description=\"\" title=\"DSC_0137\"><img decoding=\"async\" class=\"preload-me iso-lazy-load aspect\" src=\"data:image\/svg+xml,%3Csvg%20xmlns%3D&#39;http%3A%2F%2Fwww.w3.org%2F2000%2Fsvg&#39;%20viewBox%3D&#39;0%200%20490%20276&#39;%2F%3E\" data-src=\"https:\/\/riplast.sk\/wp-content\/uploads\/2019\/08\/DSC_0137-scaled-490x276.jpg\" data-srcset=\"https:\/\/riplast.sk\/wp-content\/uploads\/2019\/08\/DSC_0137-scaled-490x276.jpg 490w, https:\/\/riplast.sk\/wp-content\/uploads\/2019\/08\/DSC_0137-scaled-735x414.jpg 735w\" loading=\"eager\" style=\"--ratio: 490 \/ 276\" sizes=\"(max-width: 490px) 100vw, 490px\" alt=\"\" width=\"490\" height=\"276\"  \/><span class=\"gallery-rollover\"><span class=\"gallery-zoom-ico icomoon-the7-font-the7-zoom-06\"><span><\/span><\/span><\/span><\/a><\/figure><\/div><div class=\"wf-cell\" data-post-id=\"2160\" data-date=\"2019-08-27T11:17:12+02:00\" data-name=\"DSC_0145\"><figure class=\"post visible\"><a href=\"https:\/\/riplast.sk\/wp-content\/uploads\/2019\/08\/DSC_0145-scaled.jpg\" class=\"rollover dt-pswp-item layzr-bg\" data-large_image_width=\"2560\" data-large_image_height=\"1440\" data-dt-img-description=\"\" title=\"DSC_0145\"><img decoding=\"async\" class=\"preload-me iso-lazy-load aspect\" src=\"data:image\/svg+xml,%3Csvg%20xmlns%3D&#39;http%3A%2F%2Fwww.w3.org%2F2000%2Fsvg&#39;%20viewBox%3D&#39;0%200%20490%20276&#39;%2F%3E\" data-src=\"https:\/\/riplast.sk\/wp-content\/uploads\/2019\/08\/DSC_0145-scaled-490x276.jpg\" data-srcset=\"https:\/\/riplast.sk\/wp-content\/uploads\/2019\/08\/DSC_0145-scaled-490x276.jpg 490w, https:\/\/riplast.sk\/wp-content\/uploads\/2019\/08\/DSC_0145-scaled-735x414.jpg 735w\" loading=\"eager\" style=\"--ratio: 490 \/ 276\" sizes=\"(max-width: 490px) 100vw, 490px\" alt=\"\" width=\"490\" height=\"276\"  \/><span class=\"gallery-rollover\"><span class=\"gallery-zoom-ico icomoon-the7-font-the7-zoom-06\"><span><\/span><\/span><\/span><\/a><\/figure><\/div><\/div><!-- iso-container|iso-grid --><\/div>[\/vc_column][\/vc_row][vc_row gap=&#8220;30&#8243;][vc_column][vc_gmaps link=&#8220;#E-8_JTNDaWZyYW1lJTIwc3JjJTNEJTIyaHR0cHMlM0ElMkYlMkZ3d3cuZ29vZ2xlLmNvbSUyRm1hcHMlMkZlbWJlZCUzRnBiJTNEJTIxMW0xNCUyMTFtOCUyMTFtMyUyMTFkMTA0NTkuMTQzMjQ2NjM4NTI5JTIxMmQxOC45MTUwOSUyMTNkNDkuMDUyNjk2JTIxM20yJTIxMWkxMDI0JTIxMmk3NjglMjE0ZjEzLjElMjEzbTMlMjExbTIlMjExczB4MCUyNTNBMHhlOTFlOTNlNDU5NDFhNzEwJTIxMnNSSVBMQVNUJTI1MjBzLiUyNTIwci4lMjUyMG8uJTIxNWUwJTIxM20yJTIxMXNzayUyMTJzc2slMjE0djE1NjY4OTYzNTczMzklMjE1bTIlMjExc3NrJTIxMnNzayUyMiUyMHdpZHRoJTNEJTIyNjAwJTIyJTIwaGVpZ2h0JTNEJTIyNDUwJTIyJTIwZnJhbWVib3JkZXIlM0QlMjIwJTIyJTIwc3R5bGUlM0QlMjJib3JkZXIlM0EwJTNCJTIyJTIwYWxsb3dmdWxsc2NyZWVuJTNEJTIyJTIyJTNFJTNDJTJGaWZyYW1lJTNF&#8220;][\/vc_column][\/vc_row]<\/p>\n<\/div>","protected":false},"excerpt":{"rendered":"<p>[vc_row][vc_column][\/vc_column][\/vc_row][vc_row gap=&#8220;25&#8243;][vc_column width=&#8220;1\/2&#8243;][\/vc_column][vc_column width=&#8220;1\/2&#8243;][\/vc_column][\/vc_row][vc_row gap=&#8220;30&#8243;][vc_column][vc_gmaps link=&#8220;#E-8_JTNDaWZyYW1lJTIwc3JjJTNEJTIyaHR0cHMlM0ElMkYlMkZ3d3cuZ29vZ2xlLmNvbSUyRm1hcHMlMkZlbWJlZCUzRnBiJTNEJTIxMW0xNCUyMTFtOCUyMTFtMyUyMTFkMTA0NTkuMTQzMjQ2NjM4NTI5JTIxMmQxOC45MTUwOSUyMTNkNDkuMDUyNjk2JTIxM20yJTIxMWkxMDI0JTIxMmk3NjglMjE0ZjEzLjElMjEzbTMlMjExbTIlMjExczB4MCUyNTNBMHhlOTFlOTNlNDU5NDFhNzEwJTIxMnNSSVBMQVNUJTI1MjBzLiUyNTIwci4lMjUyMG8uJTIxNWUwJTIxM20yJTIxMXNzayUyMTJzc2slMjE0djE1NjY4OTYzNTczMzklMjE1bTIlMjExc3NrJTIxMnNzayUyMiUyMHdpZHRoJTNEJTIyNjAwJTIyJTIwaGVpZ2h0JTNEJTIyNDUwJTIyJTIwZnJhbWVib3JkZXIlM0QlMjIwJTIyJTIwc3R5bGUlM0QlMjJib3JkZXIlM0EwJTNCJTIyJTIwYWxsb3dmdWxsc2NyZWVuJTNEJTIyJTIyJTNFJTNDJTJGaWZyYW1lJTNF&#8220;][\/vc_column][\/vc_row]<\/p>\n","protected":false},"author":1,"featured_media":0,"parent":13,"menu_order":0,"comment_status":"closed","ping_status":"closed","template":"","meta":{"footnotes":""},"class_list":["post-2097","page","type-page","status-publish","hentry","description-off"],"yoast_head":"<!-- This site is optimized with the Yoast SEO plugin v23.5 - https:\/\/yoast.com\/wordpress\/plugins\/seo\/ -->\n<title>Martin - riplast.sk<\/title>\n<meta name=\"robots\" content=\"index, follow, max-snippet:-1, max-image-preview:large, max-video-preview:-1\" \/>\n<link rel=\"canonical\" href=\"https:\/\/riplast.sk\/index.php\/kontakt\/martin\/\" \/>\n<meta property=\"og:locale\" content=\"sk_SK\" \/>\n<meta property=\"og:type\" content=\"article\" \/>\n<meta property=\"og:title\" content=\"Martin - riplast.sk\" \/>\n<meta property=\"og:description\" content=\"[vc_row][vc_column][\/vc_column][\/vc_row][vc_row gap=&#8220;25&#8243;][vc_column width=&#8220;1\/2&#8243;][\/vc_column][vc_column width=&#8220;1\/2&#8243;][\/vc_column][\/vc_row][vc_row gap=&#8220;30&#8243;][vc_column][vc_gmaps link=&#8220;#E-8_JTNDaWZyYW1lJTIwc3JjJTNEJTIyaHR0cHMlM0ElMkYlMkZ3d3cuZ29vZ2xlLmNvbSUyRm1hcHMlMkZlbWJlZCUzRnBiJTNEJTIxMW0xNCUyMTFtOCUyMTFtMyUyMTFkMTA0NTkuMTQzMjQ2NjM4NTI5JTIxMmQxOC45MTUwOSUyMTNkNDkuMDUyNjk2JTIxM20yJTIxMWkxMDI0JTIxMmk3NjglMjE0ZjEzLjElMjEzbTMlMjExbTIlMjExczB4MCUyNTNBMHhlOTFlOTNlNDU5NDFhNzEwJTIxMnNSSVBMQVNUJTI1MjBzLiUyNTIwci4lMjUyMG8uJTIxNWUwJTIxM20yJTIxMXNzayUyMTJzc2slMjE0djE1NjY4OTYzNTczMzklMjE1bTIlMjExc3NrJTIxMnNzayUyMiUyMHdpZHRoJTNEJTIyNjAwJTIyJTIwaGVpZ2h0JTNEJTIyNDUwJTIyJTIwZnJhbWVib3JkZXIlM0QlMjIwJTIyJTIwc3R5bGUlM0QlMjJib3JkZXIlM0EwJTNCJTIyJTIwYWxsb3dmdWxsc2NyZWVuJTNEJTIyJTIyJTNFJTNDJTJGaWZyYW1lJTNF&#8220;][\/vc_column][\/vc_row]\" \/>\n<meta property=\"og:url\" content=\"https:\/\/riplast.sk\/index.php\/kontakt\/martin\/\" \/>\n<meta property=\"og:site_name\" content=\"riplast.sk\" \/>\n<meta property=\"article:modified_time\" content=\"2023-04-27T11:25:16+00:00\" \/>\n<meta name=\"twitter:card\" content=\"summary_large_image\" \/>\n<meta name=\"twitter:label1\" content=\"Predpokladan\u00fd \u010das \u010d\u00edtania\" \/>\n\t<meta name=\"twitter:data1\" content=\"1 min\u00fata\" \/>\n<script type=\"application\/ld+json\" class=\"yoast-schema-graph\">{\"@context\":\"https:\/\/schema.org\",\"@graph\":[{\"@type\":\"WebPage\",\"@id\":\"https:\/\/riplast.sk\/index.php\/kontakt\/martin\/\",\"url\":\"https:\/\/riplast.sk\/index.php\/kontakt\/martin\/\",\"name\":\"Martin - riplast.sk\",\"isPartOf\":{\"@id\":\"https:\/\/riplast.sk\/#website\"},\"datePublished\":\"2019-08-20T09:59:10+00:00\",\"dateModified\":\"2023-04-27T11:25:16+00:00\",\"breadcrumb\":{\"@id\":\"https:\/\/riplast.sk\/index.php\/kontakt\/martin\/#breadcrumb\"},\"inLanguage\":\"sk-SK\",\"potentialAction\":[{\"@type\":\"ReadAction\",\"target\":[\"https:\/\/riplast.sk\/index.php\/kontakt\/martin\/\"]}]},{\"@type\":\"BreadcrumbList\",\"@id\":\"https:\/\/riplast.sk\/index.php\/kontakt\/martin\/#breadcrumb\",\"itemListElement\":[{\"@type\":\"ListItem\",\"position\":1,\"name\":\"Home\",\"item\":\"https:\/\/riplast.sk\/\"},{\"@type\":\"ListItem\",\"position\":2,\"name\":\"Kontakt\",\"item\":\"https:\/\/riplast.sk\/index.php\/kontakt\/\"},{\"@type\":\"ListItem\",\"position\":3,\"name\":\"Martin\"}]},{\"@type\":\"WebSite\",\"@id\":\"https:\/\/riplast.sk\/#website\",\"url\":\"https:\/\/riplast.sk\/\",\"name\":\"riplast.sk\",\"description\":\"Okn\u00e1 a vchodov\u00e9 dvere\",\"potentialAction\":[{\"@type\":\"SearchAction\",\"target\":{\"@type\":\"EntryPoint\",\"urlTemplate\":\"https:\/\/riplast.sk\/?s={search_term_string}\"},\"query-input\":{\"@type\":\"PropertyValueSpecification\",\"valueRequired\":true,\"valueName\":\"search_term_string\"}}],\"inLanguage\":\"sk-SK\"}]}<\/script>\n<!-- \/ Yoast SEO plugin. -->","yoast_head_json":{"title":"Martin - riplast.sk","robots":{"index":"index","follow":"follow","max-snippet":"max-snippet:-1","max-image-preview":"max-image-preview:large","max-video-preview":"max-video-preview:-1"},"canonical":"https:\/\/riplast.sk\/index.php\/kontakt\/martin\/","og_locale":"sk_SK","og_type":"article","og_title":"Martin - riplast.sk","og_description":"[vc_row][vc_column][\/vc_column][\/vc_row][vc_row gap=&#8220;25&#8243;][vc_column width=&#8220;1\/2&#8243;][\/vc_column][vc_column width=&#8220;1\/2&#8243;][\/vc_column][\/vc_row][vc_row gap=&#8220;30&#8243;][vc_column][vc_gmaps link=&#8220;#E-8_JTNDaWZyYW1lJTIwc3JjJTNEJTIyaHR0cHMlM0ElMkYlMkZ3d3cuZ29vZ2xlLmNvbSUyRm1hcHMlMkZlbWJlZCUzRnBiJTNEJTIxMW0xNCUyMTFtOCUyMTFtMyUyMTFkMTA0NTkuMTQzMjQ2NjM4NTI5JTIxMmQxOC45MTUwOSUyMTNkNDkuMDUyNjk2JTIxM20yJTIxMWkxMDI0JTIxMmk3NjglMjE0ZjEzLjElMjEzbTMlMjExbTIlMjExczB4MCUyNTNBMHhlOTFlOTNlNDU5NDFhNzEwJTIxMnNSSVBMQVNUJTI1MjBzLiUyNTIwci4lMjUyMG8uJTIxNWUwJTIxM20yJTIxMXNzayUyMTJzc2slMjE0djE1NjY4OTYzNTczMzklMjE1bTIlMjExc3NrJTIxMnNzayUyMiUyMHdpZHRoJTNEJTIyNjAwJTIyJTIwaGVpZ2h0JTNEJTIyNDUwJTIyJTIwZnJhbWVib3JkZXIlM0QlMjIwJTIyJTIwc3R5bGUlM0QlMjJib3JkZXIlM0EwJTNCJTIyJTIwYWxsb3dmdWxsc2NyZWVuJTNEJTIyJTIyJTNFJTNDJTJGaWZyYW1lJTNF&#8220;][\/vc_column][\/vc_row]","og_url":"https:\/\/riplast.sk\/index.php\/kontakt\/martin\/","og_site_name":"riplast.sk","article_modified_time":"2023-04-27T11:25:16+00:00","twitter_card":"summary_large_image","twitter_misc":{"Predpokladan\u00fd \u010das \u010d\u00edtania":"1 min\u00fata"},"schema":{"@context":"https:\/\/schema.org","@graph":[{"@type":"WebPage","@id":"https:\/\/riplast.sk\/index.php\/kontakt\/martin\/","url":"https:\/\/riplast.sk\/index.php\/kontakt\/martin\/","name":"Martin - riplast.sk","isPartOf":{"@id":"https:\/\/riplast.sk\/#website"},"datePublished":"2019-08-20T09:59:10+00:00","dateModified":"2023-04-27T11:25:16+00:00","breadcrumb":{"@id":"https:\/\/riplast.sk\/index.php\/kontakt\/martin\/#breadcrumb"},"inLanguage":"sk-SK","potentialAction":[{"@type":"ReadAction","target":["https:\/\/riplast.sk\/index.php\/kontakt\/martin\/"]}]},{"@type":"BreadcrumbList","@id":"https:\/\/riplast.sk\/index.php\/kontakt\/martin\/#breadcrumb","itemListElement":[{"@type":"ListItem","position":1,"name":"Home","item":"https:\/\/riplast.sk\/"},{"@type":"ListItem","position":2,"name":"Kontakt","item":"https:\/\/riplast.sk\/index.php\/kontakt\/"},{"@type":"ListItem","position":3,"name":"Martin"}]},{"@type":"WebSite","@id":"https:\/\/riplast.sk\/#website","url":"https:\/\/riplast.sk\/","name":"riplast.sk","description":"Okn\u00e1 a vchodov\u00e9 dvere","potentialAction":[{"@type":"SearchAction","target":{"@type":"EntryPoint","urlTemplate":"https:\/\/riplast.sk\/?s={search_term_string}"},"query-input":{"@type":"PropertyValueSpecification","valueRequired":true,"valueName":"search_term_string"}}],"inLanguage":"sk-SK"}]}},"_links":{"self":[{"href":"https:\/\/riplast.sk\/index.php\/wp-json\/wp\/v2\/pages\/2097"}],"collection":[{"href":"https:\/\/riplast.sk\/index.php\/wp-json\/wp\/v2\/pages"}],"about":[{"href":"https:\/\/riplast.sk\/index.php\/wp-json\/wp\/v2\/types\/page"}],"author":[{"embeddable":true,"href":"https:\/\/riplast.sk\/index.php\/wp-json\/wp\/v2\/users\/1"}],"replies":[{"embeddable":true,"href":"https:\/\/riplast.sk\/index.php\/wp-json\/wp\/v2\/comments?post=2097"}],"version-history":[{"count":17,"href":"https:\/\/riplast.sk\/index.php\/wp-json\/wp\/v2\/pages\/2097\/revisions"}],"predecessor-version":[{"id":2623,"href":"https:\/\/riplast.sk\/index.php\/wp-json\/wp\/v2\/pages\/2097\/revisions\/2623"}],"up":[{"embeddable":true,"href":"https:\/\/riplast.sk\/index.php\/wp-json\/wp\/v2\/pages\/13"}],"wp:attachment":[{"href":"https:\/\/riplast.sk\/index.php\/wp-json\/wp\/v2\/media?parent=2097"}],"curies":[{"name":"wp","href":"https:\/\/api.w.org\/{rel}","templated":true}]}}